{"id":11,"date":"2018-03-06T16:02:19","date_gmt":"2018-03-06T16:02:19","guid":{"rendered":"http:\/\/www.biovitalhof.at\/?page_id=11"},"modified":"2021-10-08T10:00:10","modified_gmt":"2021-10-08T10:00:10","slug":"about","status":"publish","type":"page","link":"https:\/\/www.biovitalhof.at\/index.php\/about\/","title":{"rendered":"Der BioVitalHof"},"content":{"rendered":"<p>Aus pers\u00f6nlicher Leidenschaft, gro\u00dfem Interesse und\u00a0 tiefer \u00dcberzeugung begannen wir bereits vor vielen Jahren, uns mit dem Thema\u00a0 Naturheilkunde auseinanderzusetzen.<\/p>\n<p>Seit 2014 kultivieren wir Hanf, Kr\u00e4uter und Vitalpilze.<\/p>\n<p>Durch innovatives Denken, Einfallsreichtum und viel Flei\u00df, konnten wir unseren kleine landwirtschaftlichen Betrieb revitalisieren und wieder wirtschaftlich nutzbar machen.<\/p>\n","protected":false},"excerpt":{"rendered":"<p>Aus pers\u00f6nlicher Leidenschaft, gro\u00dfem Interesse und\u00a0 tiefer \u00dcberzeugung begannen wir bereits vor vielen Jahren, uns mit dem Thema\u00a0 Naturheilkunde auseinanderzusetzen. Seit 2014 kultivieren wir Hanf, Kr\u00e4uter und Vitalpilze. Durch innovatives Denken, Einfallsreichtum und viel Flei\u00df, konnten wir unseren kleine landwirtschaftlichen Betrieb revitalisieren und wieder wirtschaftlich nutzbar machen.<\/p>\n","protected":false},"author":1,"featured_media":566,"parent":0,"menu_order":0,"comment_status":"closed","ping_status":"closed","template":"","meta":{"jetpack_post_was_ever_published":false,"footnotes":""},"yoast_head":"<!-- This site is optimized with the Yoast SEO plugin v21.9.1 - https:\/\/yoast.com\/wordpress\/plugins\/seo\/ -->\n<title>Der BioVitalHof - Der Biovitalhof<\/title>\n<meta name=\"description\" content=\"Seit 2014 kultivieren wir Hanf, Kr\u00e4uter und Vitalpilze. Wir produzieren CBD \u00d6le in bester Qualit\u00e4t, direkt aus der Steiermark!\" \/>\n<meta name=\"robots\" content=\"index, follow, max-snippet:-1, max-image-preview:large, max-video-preview:-1\" \/>\n<link rel=\"canonical\" href=\"https:\/\/www.biovitalhof.at\/index.php\/about\/\" \/>\n<meta property=\"og:locale\" content=\"de_DE\" \/>\n<meta property=\"og:type\" content=\"article\" \/>\n<meta property=\"og:title\" content=\"Der BioVitalHof - Der Biovitalhof\" \/>\n<meta property=\"og:description\" content=\"Seit 2014 kultivieren wir Hanf, Kr\u00e4uter und Vitalpilze. Wir produzieren CBD \u00d6le in bester Qualit\u00e4t, direkt aus der Steiermark!\" \/>\n<meta property=\"og:url\" content=\"https:\/\/www.biovitalhof.at\/index.php\/about\/\" \/>\n<meta property=\"og:site_name\" content=\"Der Biovitalhof\" \/>\n<meta property=\"article:modified_time\" content=\"2021-10-08T10:00:10+00:00\" \/>\n<meta property=\"og:image\" content=\"https:\/\/i0.wp.com\/www.biovitalhof.at\/wp-content\/uploads\/2019\/11\/Fotos1.jpg?fit=2048%2C1536&ssl=1\" \/>\n\t<meta property=\"og:image:width\" content=\"2048\" \/>\n\t<meta property=\"og:image:height\" content=\"1536\" \/>\n\t<meta property=\"og:image:type\" content=\"image\/jpeg\" \/>\n<meta name=\"twitter:card\" content=\"summary_large_image\" \/>\n<meta name=\"twitter:label1\" content=\"Gesch\u00e4tzte Lesezeit\" \/>\n\t<meta name=\"twitter:data1\" content=\"1\u00a0Minute\" \/>\n<script type=\"application\/ld+json\" class=\"yoast-schema-graph\">{\"@context\":\"https:\/\/schema.org\",\"@graph\":[{\"@type\":\"WebPage\",\"@id\":\"https:\/\/www.biovitalhof.at\/index.php\/about\/\",\"url\":\"https:\/\/www.biovitalhof.at\/index.php\/about\/\",\"name\":\"Der BioVitalHof - Der Biovitalhof\",\"isPartOf\":{\"@id\":\"https:\/\/www.biovitalhof.at\/#website\"},\"datePublished\":\"2018-03-06T16:02:19+00:00\",\"dateModified\":\"2021-10-08T10:00:10+00:00\",\"description\":\"Seit 2014 kultivieren wir Hanf, Kr\u00e4uter und Vitalpilze. Wir produzieren CBD \u00d6le in bester Qualit\u00e4t, direkt aus der Steiermark!\",\"breadcrumb\":{\"@id\":\"https:\/\/www.biovitalhof.at\/index.php\/about\/#breadcrumb\"},\"inLanguage\":\"de\",\"potentialAction\":[{\"@type\":\"ReadAction\",\"target\":[\"https:\/\/www.biovitalhof.at\/index.php\/about\/\"]}]},{\"@type\":\"BreadcrumbList\",\"@id\":\"https:\/\/www.biovitalhof.at\/index.php\/about\/#breadcrumb\",\"itemListElement\":[{\"@type\":\"ListItem\",\"position\":1,\"name\":\"Home\",\"item\":\"https:\/\/www.biovitalhof.at\/\"},{\"@type\":\"ListItem\",\"position\":2,\"name\":\"Der BioVitalHof\"}]},{\"@type\":\"WebSite\",\"@id\":\"https:\/\/www.biovitalhof.at\/#website\",\"url\":\"https:\/\/www.biovitalhof.at\/\",\"name\":\"Der Biovitalhof\",\"description\":\"CBD \u00d6l &amp; Kr\u00e4uter &amp; Vitalpilze direkt vom Bauernhof\",\"publisher\":{\"@id\":\"https:\/\/www.biovitalhof.at\/#organization\"},\"potentialAction\":[{\"@type\":\"SearchAction\",\"target\":{\"@type\":\"EntryPoint\",\"urlTemplate\":\"https:\/\/www.biovitalhof.at\/?s={search_term_string}\"},\"query-input\":\"required name=search_term_string\"}],\"inLanguage\":\"de\"},{\"@type\":\"Organization\",\"@id\":\"https:\/\/www.biovitalhof.at\/#organization\",\"name\":\"Der Biovitalhof\",\"url\":\"https:\/\/www.biovitalhof.at\/\",\"logo\":{\"@type\":\"ImageObject\",\"inLanguage\":\"de\",\"@id\":\"https:\/\/www.biovitalhof.at\/#\/schema\/logo\/image\/\",\"url\":\"https:\/\/i0.wp.com\/www.biovitalhof.at\/wp-content\/uploads\/2019\/11\/cropped-Logogoogle.png?fit=250%2C250&ssl=1\",\"contentUrl\":\"https:\/\/i0.wp.com\/www.biovitalhof.at\/wp-content\/uploads\/2019\/11\/cropped-Logogoogle.png?fit=250%2C250&ssl=1\",\"width\":250,\"height\":250,\"caption\":\"Der Biovitalhof\"},\"image\":{\"@id\":\"https:\/\/www.biovitalhof.at\/#\/schema\/logo\/image\/\"}}]}<\/script>\n<!-- \/ Yoast SEO plugin. -->","yoast_head_json":{"title":"Der BioVitalHof - Der Biovitalhof","description":"Seit 2014 kultivieren wir Hanf, Kr\u00e4uter und Vitalpilze. Wir produzieren CBD \u00d6le in bester Qualit\u00e4t, direkt aus der Steiermark!","robots":{"index":"index","follow":"follow","max-snippet":"max-snippet:-1","max-image-preview":"max-image-preview:large","max-video-preview":"max-video-preview:-1"},"canonical":"https:\/\/www.biovitalhof.at\/index.php\/about\/","og_locale":"de_DE","og_type":"article","og_title":"Der BioVitalHof - Der Biovitalhof","og_description":"Seit 2014 kultivieren wir Hanf, Kr\u00e4uter und Vitalpilze. Wir produzieren CBD \u00d6le in bester Qualit\u00e4t, direkt aus der Steiermark!","og_url":"https:\/\/www.biovitalhof.at\/index.php\/about\/","og_site_name":"Der Biovitalhof","article_modified_time":"2021-10-08T10:00:10+00:00","og_image":[{"width":2048,"height":1536,"url":"https:\/\/i0.wp.com\/www.biovitalhof.at\/wp-content\/uploads\/2019\/11\/Fotos1.jpg?fit=2048%2C1536&ssl=1","type":"image\/jpeg"}],"twitter_card":"summary_large_image","twitter_misc":{"Gesch\u00e4tzte Lesezeit":"1\u00a0Minute"},"schema":{"@context":"https:\/\/schema.org","@graph":[{"@type":"WebPage","@id":"https:\/\/www.biovitalhof.at\/index.php\/about\/","url":"https:\/\/www.biovitalhof.at\/index.php\/about\/","name":"Der BioVitalHof - Der Biovitalhof","isPartOf":{"@id":"https:\/\/www.biovitalhof.at\/#website"},"datePublished":"2018-03-06T16:02:19+00:00","dateModified":"2021-10-08T10:00:10+00:00","description":"Seit 2014 kultivieren wir Hanf, Kr\u00e4uter und Vitalpilze. Wir produzieren CBD \u00d6le in bester Qualit\u00e4t, direkt aus der Steiermark!","breadcrumb":{"@id":"https:\/\/www.biovitalhof.at\/index.php\/about\/#breadcrumb"},"inLanguage":"de","potentialAction":[{"@type":"ReadAction","target":["https:\/\/www.biovitalhof.at\/index.php\/about\/"]}]},{"@type":"BreadcrumbList","@id":"https:\/\/www.biovitalhof.at\/index.php\/about\/#breadcrumb","itemListElement":[{"@type":"ListItem","position":1,"name":"Home","item":"https:\/\/www.biovitalhof.at\/"},{"@type":"ListItem","position":2,"name":"Der BioVitalHof"}]},{"@type":"WebSite","@id":"https:\/\/www.biovitalhof.at\/#website","url":"https:\/\/www.biovitalhof.at\/","name":"Der Biovitalhof","description":"CBD \u00d6l &amp; Kr\u00e4uter &amp; Vitalpilze direkt vom Bauernhof","publisher":{"@id":"https:\/\/www.biovitalhof.at\/#organization"},"potentialAction":[{"@type":"SearchAction","target":{"@type":"EntryPoint","urlTemplate":"https:\/\/www.biovitalhof.at\/?s={search_term_string}"},"query-input":"required name=search_term_string"}],"inLanguage":"de"},{"@type":"Organization","@id":"https:\/\/www.biovitalhof.at\/#organization","name":"Der Biovitalhof","url":"https:\/\/www.biovitalhof.at\/","logo":{"@type":"ImageObject","inLanguage":"de","@id":"https:\/\/www.biovitalhof.at\/#\/schema\/logo\/image\/","url":"https:\/\/i0.wp.com\/www.biovitalhof.at\/wp-content\/uploads\/2019\/11\/cropped-Logogoogle.png?fit=250%2C250&ssl=1","contentUrl":"https:\/\/i0.wp.com\/www.biovitalhof.at\/wp-content\/uploads\/2019\/11\/cropped-Logogoogle.png?fit=250%2C250&ssl=1","width":250,"height":250,"caption":"Der Biovitalhof"},"image":{"@id":"https:\/\/www.biovitalhof.at\/#\/schema\/logo\/image\/"}}]}},"jetpack_sharing_enabled":true,"jetpack_shortlink":"https:\/\/wp.me\/P9K6na-b","jetpack_likes_enabled":true,"jetpack-related-posts":[{"id":536,"url":"https:\/\/www.biovitalhof.at\/index.php\/dienstleistungen-preise\/","url_meta":{"origin":11,"position":0},"title":"Dienstleistungen &#038; Preise","author":"biovitalhofadmin","date":"November 7, 2019","format":false,"excerpt":"Als zuverl\u00e4ssiger Partner bieten wir auch Dienstleistungen und Seminare f\u00fcr unsere Kunden an. Unsere Dienste richten sich sowohl an Endkunden wie auch an Gewerbetreibende. Cannabis Consulting Wir begleiten Sie bei der individuellen Aufarbeitung betriebswirtschaftlicher Themen im Fachbereich des legalen Hanf \/Cannabis Anbau. Als langj\u00e4hrige Spezialisten k\u00f6nnen wir sehr vielen Themengebiete\u2026","rel":"","context":"\u00c4hnlicher Beitrag","block_context":{"text":"\u00c4hnlicher Beitrag","link":""},"img":{"alt_text":"Ultraschallextraktion Cannabis","src":"https:\/\/i0.wp.com\/www.biovitalhof.at\/wp-content\/uploads\/2019\/10\/Ultraschallextraktor1.jpg?resize=350%2C200&ssl=1","width":350,"height":200,"srcset":"https:\/\/i0.wp.com\/www.biovitalhof.at\/wp-content\/uploads\/2019\/10\/Ultraschallextraktor1.jpg?resize=350%2C200&ssl=1 1x, https:\/\/i0.wp.com\/www.biovitalhof.at\/wp-content\/uploads\/2019\/10\/Ultraschallextraktor1.jpg?resize=525%2C300&ssl=1 1.5x, https:\/\/i0.wp.com\/www.biovitalhof.at\/wp-content\/uploads\/2019\/10\/Ultraschallextraktor1.jpg?resize=700%2C400&ssl=1 2x, https:\/\/i0.wp.com\/www.biovitalhof.at\/wp-content\/uploads\/2019\/10\/Ultraschallextraktor1.jpg?resize=1050%2C600&ssl=1 3x, https:\/\/i0.wp.com\/www.biovitalhof.at\/wp-content\/uploads\/2019\/10\/Ultraschallextraktor1.jpg?resize=1400%2C800&ssl=1 4x"},"classes":[]},{"id":389,"url":"https:\/\/www.biovitalhof.at\/index.php\/terms\/","url_meta":{"origin":11,"position":1},"title":"AGB &#038; Haftungsausschluss","author":"biovitalhofadmin","date":"Februar 6, 2019","format":false,"excerpt":"1. Geltungsbereich F\u00fcr alle Bestellungen \u00fcber unseren Online-Shop durch Verbraucher und Unternehmer gelten die nachfolgenden AGB. Verbraucher ist jede nat\u00fcrliche Person, die ein Rechtsgesch\u00e4ft zu Zwecken abschlie\u00dft, die \u00fcberwiegend weder ihrer gewerblichen noch ihrer selbst\u00e4ndigen beruflichen T\u00e4tigkeit zugerechnet werden k\u00f6nnen. Unternehmer ist eine nat\u00fcrliche oder juristische Person oder eine rechtsf\u00e4hige\u2026","rel":"","context":"\u00c4hnlicher Beitrag","block_context":{"text":"\u00c4hnlicher Beitrag","link":""},"img":{"alt_text":"","src":"","width":0,"height":0},"classes":[]}],"_links":{"self":[{"href":"https:\/\/www.biovitalhof.at\/index.php\/wp-json\/wp\/v2\/pages\/11"}],"collection":[{"href":"https:\/\/www.biovitalhof.at\/index.php\/wp-json\/wp\/v2\/pages"}],"about":[{"href":"https:\/\/www.biovitalhof.at\/index.php\/wp-json\/wp\/v2\/types\/page"}],"author":[{"embeddable":true,"href":"https:\/\/www.biovitalhof.at\/index.php\/wp-json\/wp\/v2\/users\/1"}],"replies":[{"embeddable":true,"href":"https:\/\/www.biovitalhof.at\/index.php\/wp-json\/wp\/v2\/comments?post=11"}],"version-history":[{"count":5,"href":"https:\/\/www.biovitalhof.at\/index.php\/wp-json\/wp\/v2\/pages\/11\/revisions"}],"predecessor-version":[{"id":880,"href":"https:\/\/www.biovitalhof.at\/index.php\/wp-json\/wp\/v2\/pages\/11\/revisions\/880"}],"wp:featuredmedia":[{"embeddable":true,"href":"https:\/\/www.biovitalhof.at\/index.php\/wp-json\/wp\/v2\/media\/566"}],"wp:attachment":[{"href":"https:\/\/www.biovitalhof.at\/index.php\/wp-json\/wp\/v2\/media?parent=11"}],"curies":[{"name":"wp","href":"https:\/\/api.w.org\/{rel}","templated":true}]}}