{"id":389,"date":"2019-02-06T11:21:02","date_gmt":"2019-02-06T11:21:02","guid":{"rendered":"http:\/\/www.biovitalhof.at\/index.php\/terms\/"},"modified":"2019-11-25T10:19:41","modified_gmt":"2019-11-25T10:19:41","slug":"terms","status":"publish","type":"page","link":"https:\/\/www.biovitalhof.at\/index.php\/terms\/","title":{"rendered":"AGB &#038; Haftungsausschluss"},"content":{"rendered":"\n<p>1. Geltungsbereich<\/p>\n\n\n\n<p>F\u00fcr alle Bestellungen \u00fcber unseren Online-Shop durch\nVerbraucher und Unternehmer gelten die nachfolgenden AGB.<\/p>\n\n\n\n<p>Verbraucher ist jede nat\u00fcrliche Person, die ein\nRechtsgesch\u00e4ft zu Zwecken abschlie\u00dft, die \u00fcberwiegend weder ihrer gewerblichen\nnoch ihrer selbst\u00e4ndigen beruflichen T\u00e4tigkeit zugerechnet werden k\u00f6nnen.\nUnternehmer ist eine nat\u00fcrliche oder juristische Person oder eine rechtsf\u00e4hige\nPersonengesellschaft, die bei Abschluss eines Rechtsgesch\u00e4fts in Aus\u00fcbung ihrer\ngewerblichen oder selbst\u00e4ndigen beruflichen T\u00e4tigkeit handelt.<\/p>\n\n\n\n<p>Gegen\u00fcber Unternehmern gelten diese AGB auch f\u00fcr k\u00fcnftige\nGesch\u00e4ftsbeziehungen, ohne dass wir nochmals auf sie hinweisen m\u00fcssten.\nVerwendet der Unternehmer entgegenstehende oder erg\u00e4nzende Allgemeine\nGesch\u00e4ftsbedingungen, wird deren Geltung hiermit widersprochen; sie werden nur\ndann Vertragsbestandteil, wenn wir dem ausdr\u00fccklich zugestimmt haben.<\/p>\n\n\n\n<p>2. Vertragspartner, Vertragsschluss<\/p>\n\n\n\n<p>Der Kaufvertrag kommt zustande mit David Velikonja e.U. .<\/p>\n\n\n\n<p>Durch die Nutzung dieser Website und der Bestellung in\ndiesem Online Shop best\u00e4tigen Sie, da\u00df Sie mindestens 18 Jahre alt sind. Wir\nliefern grunds\u00e4tzlich nur an Endkunden.<\/p>\n\n\n\n<p>Mit Einstellung der Produkte in den Online-Shop geben wir\nein verbindliches Angebot zum Vertragsschluss \u00fcber diese Artikel ab. Sie k\u00f6nnen\nunsere Produkte zun\u00e4chst unverbindlich in den Warenkorb legen und Ihre Eingaben\nvor Absenden Ihrer verbindlichen Bestellung jederzeit korrigieren, indem Sie\ndie hierf\u00fcr im Bestellablauf vorgesehenen und erl\u00e4uterten Korrekturhilfen\nnutzen. Der Vertrag kommt zustande, indem Sie durch Anklicken des\nBestellbuttons das Angebot \u00fcber die im Warenkorb enthaltenen Waren annehmen.\nUnmittelbar nach dem Absenden der Bestellung erhalten Sie noch einmal eine\nBest\u00e4tigung per E-Mail.<\/p>\n\n\n\n<p>3. Vertragssprache, Vertragstextspeicherung<\/p>\n\n\n\n<p>Die f\u00fcr den Vertragsschluss zur Verf\u00fcgung stehende Sprache\nist Deutsch.<\/p>\n\n\n\n<p>Der Vertragstext wird von uns nicht gespeichert.<\/p>\n\n\n\n<p>4. Lieferbedingungen<\/p>\n\n\n\n<p>Ihre bestellten Artikel liefern wir mit\nVersandkostenaufschlag direkt zu Ihnen nach Hause.<\/p>\n\n\n\n<p>Wir liefern in folgende L\u00e4nder: Deutschland, \u00d6sterreich,\nItalien, Liechtenstein, Luxenburg, Portugal, Schweden, Slowenien, Spanien,\nUngarn, Vereinigtes K\u00f6nigreich<\/p>\n\n\n\n<p>Wir liefern nur im Versandweg. <\/p>\n\n\n\n<p>5. Bezahlung<\/p>\n\n\n\n<p>In unserem Shop stehen Ihnen grunds\u00e4tzlich die folgenden\nZahlungsarten zur Verf\u00fcgung:<\/p>\n\n\n\n<p>Vorkasse<\/p>\n\n\n\n<p>Bei Auswahl der Zahlungsart Vorkasse nennen wir Ihnen unsere\nBankverbindung in separater E-Mail und liefern die Ware nach Zahlungseingang.<\/p>\n\n\n\n<p>Oder <\/p>\n\n\n\n<p>Paypal. Nach abgeschlossenem Zahlungsvorgang auf unsere\nPaypal Adresse: info@biovitalhof wird die Bestellung schnellst m\u00f6glich am\nn\u00e4chsten Werktag verschickt. Kundenspezifische Produkte ben\u00f6tigen nat\u00fcrlich\neinige Tage l\u00e4nger.<\/p>\n\n\n\n<p>6. Eigentumsvorbehalt<\/p>\n\n\n\n<p>Die Ware bleibt bis zur vollst\u00e4ndigen Bezahlung unser\nEigentum.<\/p>\n\n\n\n<p>F\u00fcr Unternehmer gilt erg\u00e4nzend: Wir behalten uns das\nEigentum an der Ware bis zur vollst\u00e4ndigen Begleichung aller Forderungen aus\neiner laufenden Gesch\u00e4ftsbeziehung vor. Sie d\u00fcrfen die Vorbehaltsware im\nordentlichen Gesch\u00e4ftsbetrieb weiterver\u00e4u\u00dfern; s\u00e4mtliche aus diesem\nWeiterverkauf entstehenden Forderungen treten Sie \u2013 unabh\u00e4ngig von einer\nVerbindung oder Vermischung der Vorbehaltsware mit einer neuen Sache &#8211; in H\u00f6he\ndes Rechnungsbetrages an uns im Voraus ab, und wir nehmen diese Abtretung an.\nSie bleiben zur Einziehung der Forderungen erm\u00e4chtigt, wir d\u00fcrfen Forderungen\njedoch auch selbst einziehen, soweit Sie Ihren Zahlungsverpflichtungen nicht\nnachkommen.<\/p>\n\n\n\n<p>7. Transportsch\u00e4den<\/p>\n\n\n\n<p>F\u00fcr Unternehmer gilt:<\/p>\n\n\n\n<p>Die Gefahr des zuf\u00e4lligen Untergangs und der zuf\u00e4lligen\nVerschlechterung geht auf Sie \u00fcber, sobald wir die Sache dem Spediteur, dem\nFrachtf\u00fchrer oder der sonst zur Ausf\u00fchrung der Versendung bestimmten Person\noder Anstalt ausgeliefert haben. Unter Kaufleuten gilt die in \u00a7 377 HGB\ngeregelte Untersuchungs- und R\u00fcgepflicht. Unterlassen Sie die dort geregelte\nAnzeige, so gilt die Ware als genehmigt, es sei denn, dass es sich um einen\nMangel handelt, der bei der Untersuchung nicht erkennbar war. Dies gilt nicht,\nfalls wir einen Mangel arglistig verschwiegen haben.<\/p>\n\n\n\n<p>8. Gew\u00e4hrleistung und Garantien<\/p>\n\n\n\n<p>Es gilt das gesetzliche M\u00e4ngelhaftungsrecht. Informationen\nzu gegebenenfalls geltenden zus\u00e4tzlichen Garantien und deren genaue Bedingungen\nfinden Sie jeweils beim Produkt und auf besonderen Informationsseiten im\nOnlineshop.<\/p>\n\n\n\n<p>9. Haftung<\/p>\n\n\n\n<p>F\u00fcr Anspr\u00fcche aufgrund von Sch\u00e4den, stellen wir uns laut\ngesetzlichen Vorgaben. <\/p>\n\n\n\n<p>bei Verletzung des Lebens, des K\u00f6rpers oder der Gesundheit,<\/p>\n\n\n\n<p>bei vors\u00e4tzlicher oder grob fahrl\u00e4ssiger Pflichtverletzung,<\/p>\n\n\n\n<p>bei Garantieversprechen, soweit vereinbart, oder<\/p>\n\n\n\n<p>soweit der Anwendungsbereich des Produkthaftungsgesetzes\ner\u00f6ffnet ist.<\/p>\n\n\n\n<p>Bei Verletzung wesentlicher Vertragspflichten, deren\nErf\u00fcllung die ordnungsgem\u00e4\u00dfe Durchf\u00fchrung des Vertrages \u00fcberhaupt erst\nerm\u00f6glicht und auf deren Einhaltung der Vertragspartner regelm\u00e4\u00dfig vertrauen\ndarf, (Kardinalpflichten) durch leichte Fahrl\u00e4ssigkeit von uns, unseren\ngesetzlichen Vertretern oder Erf\u00fcllungsgehilfen ist die Haftung der H\u00f6he nach\nauf den bei Vertragsschluss vorhersehbaren Schaden begrenzt, mit dessen\nEntstehung typischerweise gerechnet werden muss. Im \u00dcbrigen sind Anspr\u00fcche auf\nSchadensersatz ausgeschlossen.<\/p>\n\n\n\n<p>10. Streitbeilegung<\/p>\n\n\n\n<p>Die Europ\u00e4ische Kommission stellt eine Plattform zur\nOnline-Streitbeilegung (OS) bereit, die Sie hier finden\nhttp:\/\/ec.europa.eu\/consumers\/odr\/. <\/p>\n\n\n\n<p>Wir sind bereit, an einem au\u00dfergerichtlichen\nSchlichtungsverfahren vor einer Verbraucherschlichtungsstelle teilzunehmen. <\/p>\n\n\n\n<p><\/p>\n\n\n\n<p>11. Jugendschutz<\/p>\n\n\n\n<p>Sofern Ihre Bestellung Waren umfasst, deren Verkauf\nAltersbeschr\u00e4nkungen unterliegt, stellen wir durch den Einsatz eines\nzuverl\u00e4ssigen Verfahrens unter Einbeziehung einer pers\u00f6nlichen Identit\u00e4ts- und\nAlterspr\u00fcfung sicher, dass der Besteller das erforderliche Mindestalter\nerreicht hat. Der Zusteller \u00fcbergibt die Ware erst nach erfolgter Alterspr\u00fcfung\nund nur an den Besteller pers\u00f6nlich.<\/p>\n\n\n\n<p>12. Schlussbestimmungen<\/p>\n\n\n\n<p>Sind Sie Unternehmer, dann gilt \u00f6sterreichisches Recht unter\nAusschluss des UN-Kaufrechts.<\/p>\n\n\n\n<p>Sind Sie Verbraucher, dann gilt \u00f6sterreichisches Recht unter\nAusschluss der internationalen Verweisnormen und den Bestimmungen des\nUN-Kaufrechts.<\/p>\n\n\n\n<p>Sind Sie Verbraucher, Kaufmann im Sinne des Handelsgesetzbuches, juristische Person des \u00f6ffentlichen Rechts oder \u00f6ffentlich-rechtliches Sonderverm\u00f6gen, ist ausschlie\u00dflicher Gerichtsstand f\u00fcr alle Streitigkeiten aus Vertragsverh\u00e4ltnissen zwischen uns und Ihnen unser Gesch\u00e4ftssitz.<\/p>\n\n\n\n<h1 class=\"wp-block-heading\">13. Haftungsausschluss<\/h1>\n\n\n\n<p><strong>Haftungsausschluss und allgemeiner Hinweis zu medizinischen Themen<\/strong><br>Die auf unserer Webseite dargestellten Inhalte dienen ausschlie\u00dflich der neutralen Information und allgemeinen Weiterbildung. Sie stellen keine Empfehlung oder Bewerbung der beschriebenen oder erw\u00e4hnten diagnostischen Methoden, Behandlungen oder Produkte dar. Die Texte erheben weder einen Anspruch auf Vollst\u00e4ndigkeit noch kann die Aktualit\u00e4t, Richtigkeit und Ausgewogenheit der dargebotenen Informationen garantiert werden.<\/p>\n\n\n\n<p>Die angef\u00fchrten Texte und Produktbeschreibungen ersetzen keinesfalls die fachliche Beratung durch einen Arzt oder Apotheker und sie d\u00fcrfen nicht als Grundlage zur eigenst\u00e4ndigen Diagnose und Beginn, \u00c4nderung oder Beendigung einer Behandlung von Krankheiten verwendet werden. Konsultieren Sie bei gesundheitlichen Fragen oder Beschwerden immer den Arzt Ihres Vertrauens!<\/p>\n\n\n\n<p>Die angef\u00fchrten Informationen und angebotenen Produkte sind nicht als Ersatz f\u00fcr irgendein verschriebenes Medikament gedacht und sind nicht geeignet um Erkrankungen zu diagnostizieren, zu behandeln, zu heilen oder zu verhindern.<br>Wir und unsere Autoren \u00fcbernehmen keine Haftung f\u00fcr Unannehmlichkeiten oder Sch\u00e4den, die sich aus der Anwendung der auf dieser Webseite dargestellten Informationen und\/oder Produkte ergeben.<\/p>\n\n\n\n<p>Verwenden Sie unsere CBD-Produkte keinesfalls bei Schwangerschaft oder beim Stillen.<\/p>\n\n\n\n<p>Bei den von uns angebotenen CBD-Hanfprodukten handelt es sich um Nutzhanf-Produkte aus zertifizierten EU-Nutzhanfsorten, die im Gemeinsamen Sortenkatalog f\u00fcr landwirtschaftliche Pflanzenarten gem\u00e4\u00df Artikel 17 der Richtlinie 2002\/53\/EG des Rates vom 13. Juni 2002, ABl. Nr. L 193\/2002 S.1 oder in der \u00f6sterreichischen Sortenliste gem\u00e4\u00df \u00a7 65 Saatgutgesetz 1997, BGBl. l Nr. 72\/1997, in der geltenden Fassung, angef\u00fchrt sind.<\/p>\n\n\n\n<p>Cannabidiol (CBD) ist ein nat\u00fcrlicher Bestandteil der Hanfpflanze. Tausende von Jahren wurde die Cannabispflanze auf der ganzen Welt genutzt. Es gibt jedoch noch zu wenig klinische Studien am Menschen, welche etwaige medizinische Wirkungen von Cannabis belegen w\u00fcrden.<br><br>Wir sind nicht berechtigt, \u00fcber gesundheitliche Aspekte der Produkte Auskunft zu geben. Nach den gesetzlichen Regelungen sind uns jegliche Heilversprechungen untersagt.<\/p>\n","protected":false},"excerpt":{"rendered":"<p>1. Geltungsbereich F\u00fcr alle Bestellungen \u00fcber unseren Online-Shop durch Verbraucher und Unternehmer gelten die nachfolgenden AGB. Verbraucher ist jede nat\u00fcrliche Person, die ein Rechtsgesch\u00e4ft zu Zwecken abschlie\u00dft, die \u00fcberwiegend weder ihrer gewerblichen noch ihrer selbst\u00e4ndigen beruflichen T\u00e4tigkeit zugerechnet werden k\u00f6nnen. Unternehmer ist eine nat\u00fcrliche oder juristische Person oder eine rechtsf\u00e4hige Personengesellschaft, die bei Abschluss eines &hellip; <\/p>\n<p class=\"link-more\"><a href=\"https:\/\/www.biovitalhof.at\/index.php\/terms\/\" class=\"more-link\"><span class=\"screen-reader-text\">\u201eAGB &#038; Haftungsausschluss\u201c <\/span>weiterlesen<\/a><\/p>\n","protected":false},"author":1,"featured_media":0,"parent":0,"menu_order":0,"comment_status":"closed","ping_status":"closed","template":"","meta":{"jetpack_post_was_ever_published":false,"footnotes":""},"class_list":["post-389","page","type-page","status-publish","hentry"],"yoast_head":"<!-- This site is optimized with the Yoast SEO plugin v27.5 - https:\/\/yoast.com\/product\/yoast-seo-wordpress\/ -->\n<title>AGB &amp; Haftungsausschluss - Der Biovitalhof<\/title>\n<meta name=\"robots\" content=\"index, follow, max-snippet:-1, max-image-preview:large, max-video-preview:-1\" \/>\n<link rel=\"canonical\" href=\"https:\/\/www.biovitalhof.at\/index.php\/terms\/\" \/>\n<meta property=\"og:locale\" content=\"de_DE\" \/>\n<meta property=\"og:type\" content=\"article\" \/>\n<meta property=\"og:title\" content=\"AGB &amp; Haftungsausschluss - Der Biovitalhof\" \/>\n<meta property=\"og:description\" content=\"1. Geltungsbereich F\u00fcr alle Bestellungen \u00fcber unseren Online-Shop durch Verbraucher und Unternehmer gelten die nachfolgenden AGB. Verbraucher ist jede nat\u00fcrliche Person, die ein Rechtsgesch\u00e4ft zu Zwecken abschlie\u00dft, die \u00fcberwiegend weder ihrer gewerblichen noch ihrer selbst\u00e4ndigen beruflichen T\u00e4tigkeit zugerechnet werden k\u00f6nnen. Unternehmer ist eine nat\u00fcrliche oder juristische Person oder eine rechtsf\u00e4hige Personengesellschaft, die bei Abschluss eines &hellip; \u201eAGB &#038; Haftungsausschluss\u201c weiterlesen\" \/>\n<meta property=\"og:url\" content=\"https:\/\/www.biovitalhof.at\/index.php\/terms\/\" \/>\n<meta property=\"og:site_name\" content=\"Der Biovitalhof\" \/>\n<meta property=\"article:modified_time\" content=\"2019-11-25T10:19:41+00:00\" \/>\n<meta name=\"twitter:card\" content=\"summary_large_image\" \/>\n<meta name=\"twitter:label1\" content=\"Gesch\u00e4tzte Lesezeit\" \/>\n\t<meta name=\"twitter:data1\" content=\"6\u00a0Minuten\" \/>\n<script type=\"application\/ld+json\" class=\"yoast-schema-graph\">{\"@context\":\"https:\\\/\\\/schema.org\",\"@graph\":[{\"@type\":\"WebPage\",\"@id\":\"https:\\\/\\\/www.biovitalhof.at\\\/index.php\\\/terms\\\/\",\"url\":\"https:\\\/\\\/www.biovitalhof.at\\\/index.php\\\/terms\\\/\",\"name\":\"AGB & Haftungsausschluss - Der Biovitalhof\",\"isPartOf\":{\"@id\":\"https:\\\/\\\/www.biovitalhof.at\\\/#website\"},\"datePublished\":\"2019-02-06T11:21:02+00:00\",\"dateModified\":\"2019-11-25T10:19:41+00:00\",\"breadcrumb\":{\"@id\":\"https:\\\/\\\/www.biovitalhof.at\\\/index.php\\\/terms\\\/#breadcrumb\"},\"inLanguage\":\"de\",\"potentialAction\":[{\"@type\":\"ReadAction\",\"target\":[\"https:\\\/\\\/www.biovitalhof.at\\\/index.php\\\/terms\\\/\"]}]},{\"@type\":\"BreadcrumbList\",\"@id\":\"https:\\\/\\\/www.biovitalhof.at\\\/index.php\\\/terms\\\/#breadcrumb\",\"itemListElement\":[{\"@type\":\"ListItem\",\"position\":1,\"name\":\"Home\",\"item\":\"https:\\\/\\\/www.biovitalhof.at\\\/\"},{\"@type\":\"ListItem\",\"position\":2,\"name\":\"AGB &#038; Haftungsausschluss\"}]},{\"@type\":\"WebSite\",\"@id\":\"https:\\\/\\\/www.biovitalhof.at\\\/#website\",\"url\":\"https:\\\/\\\/www.biovitalhof.at\\\/\",\"name\":\"Der Biovitalhof\",\"description\":\"Autarkie bedeutet nicht Isolation, sondern mehr Selbstbestimmung\",\"publisher\":{\"@id\":\"https:\\\/\\\/www.biovitalhof.at\\\/#organization\"},\"potentialAction\":[{\"@type\":\"SearchAction\",\"target\":{\"@type\":\"EntryPoint\",\"urlTemplate\":\"https:\\\/\\\/www.biovitalhof.at\\\/?s={search_term_string}\"},\"query-input\":{\"@type\":\"PropertyValueSpecification\",\"valueRequired\":true,\"valueName\":\"search_term_string\"}}],\"inLanguage\":\"de\"},{\"@type\":\"Organization\",\"@id\":\"https:\\\/\\\/www.biovitalhof.at\\\/#organization\",\"name\":\"Der Biovitalhof\",\"url\":\"https:\\\/\\\/www.biovitalhof.at\\\/\",\"logo\":{\"@type\":\"ImageObject\",\"inLanguage\":\"de\",\"@id\":\"https:\\\/\\\/www.biovitalhof.at\\\/#\\\/schema\\\/logo\\\/image\\\/\",\"url\":\"https:\\\/\\\/i0.wp.com\\\/www.biovitalhof.at\\\/wp-content\\\/uploads\\\/2026\\\/04\\\/cropped-Round_circular_sticker_design_with_95cm_diameter_-17775406836961.png?fit=250%2C250&ssl=1\",\"contentUrl\":\"https:\\\/\\\/i0.wp.com\\\/www.biovitalhof.at\\\/wp-content\\\/uploads\\\/2026\\\/04\\\/cropped-Round_circular_sticker_design_with_95cm_diameter_-17775406836961.png?fit=250%2C250&ssl=1\",\"width\":250,\"height\":250,\"caption\":\"Der Biovitalhof\"},\"image\":{\"@id\":\"https:\\\/\\\/www.biovitalhof.at\\\/#\\\/schema\\\/logo\\\/image\\\/\"}}]}<\/script>\n<!-- \/ Yoast SEO plugin. -->","yoast_head_json":{"title":"AGB & Haftungsausschluss - Der Biovitalhof","robots":{"index":"index","follow":"follow","max-snippet":"max-snippet:-1","max-image-preview":"max-image-preview:large","max-video-preview":"max-video-preview:-1"},"canonical":"https:\/\/www.biovitalhof.at\/index.php\/terms\/","og_locale":"de_DE","og_type":"article","og_title":"AGB & Haftungsausschluss - Der Biovitalhof","og_description":"1. Geltungsbereich F\u00fcr alle Bestellungen \u00fcber unseren Online-Shop durch Verbraucher und Unternehmer gelten die nachfolgenden AGB. Verbraucher ist jede nat\u00fcrliche Person, die ein Rechtsgesch\u00e4ft zu Zwecken abschlie\u00dft, die \u00fcberwiegend weder ihrer gewerblichen noch ihrer selbst\u00e4ndigen beruflichen T\u00e4tigkeit zugerechnet werden k\u00f6nnen. Unternehmer ist eine nat\u00fcrliche oder juristische Person oder eine rechtsf\u00e4hige Personengesellschaft, die bei Abschluss eines &hellip; \u201eAGB &#038; Haftungsausschluss\u201c weiterlesen","og_url":"https:\/\/www.biovitalhof.at\/index.php\/terms\/","og_site_name":"Der Biovitalhof","article_modified_time":"2019-11-25T10:19:41+00:00","twitter_card":"summary_large_image","twitter_misc":{"Gesch\u00e4tzte Lesezeit":"6\u00a0Minuten"},"schema":{"@context":"https:\/\/schema.org","@graph":[{"@type":"WebPage","@id":"https:\/\/www.biovitalhof.at\/index.php\/terms\/","url":"https:\/\/www.biovitalhof.at\/index.php\/terms\/","name":"AGB & Haftungsausschluss - Der Biovitalhof","isPartOf":{"@id":"https:\/\/www.biovitalhof.at\/#website"},"datePublished":"2019-02-06T11:21:02+00:00","dateModified":"2019-11-25T10:19:41+00:00","breadcrumb":{"@id":"https:\/\/www.biovitalhof.at\/index.php\/terms\/#breadcrumb"},"inLanguage":"de","potentialAction":[{"@type":"ReadAction","target":["https:\/\/www.biovitalhof.at\/index.php\/terms\/"]}]},{"@type":"BreadcrumbList","@id":"https:\/\/www.biovitalhof.at\/index.php\/terms\/#breadcrumb","itemListElement":[{"@type":"ListItem","position":1,"name":"Home","item":"https:\/\/www.biovitalhof.at\/"},{"@type":"ListItem","position":2,"name":"AGB &#038; Haftungsausschluss"}]},{"@type":"WebSite","@id":"https:\/\/www.biovitalhof.at\/#website","url":"https:\/\/www.biovitalhof.at\/","name":"Der Biovitalhof","description":"Autarkie bedeutet nicht Isolation, sondern mehr Selbstbestimmung","publisher":{"@id":"https:\/\/www.biovitalhof.at\/#organization"},"potentialAction":[{"@type":"SearchAction","target":{"@type":"EntryPoint","urlTemplate":"https:\/\/www.biovitalhof.at\/?s={search_term_string}"},"query-input":{"@type":"PropertyValueSpecification","valueRequired":true,"valueName":"search_term_string"}}],"inLanguage":"de"},{"@type":"Organization","@id":"https:\/\/www.biovitalhof.at\/#organization","name":"Der Biovitalhof","url":"https:\/\/www.biovitalhof.at\/","logo":{"@type":"ImageObject","inLanguage":"de","@id":"https:\/\/www.biovitalhof.at\/#\/schema\/logo\/image\/","url":"https:\/\/i0.wp.com\/www.biovitalhof.at\/wp-content\/uploads\/2026\/04\/cropped-Round_circular_sticker_design_with_95cm_diameter_-17775406836961.png?fit=250%2C250&ssl=1","contentUrl":"https:\/\/i0.wp.com\/www.biovitalhof.at\/wp-content\/uploads\/2026\/04\/cropped-Round_circular_sticker_design_with_95cm_diameter_-17775406836961.png?fit=250%2C250&ssl=1","width":250,"height":250,"caption":"Der Biovitalhof"},"image":{"@id":"https:\/\/www.biovitalhof.at\/#\/schema\/logo\/image\/"}}]}},"jetpack_sharing_enabled":true,"jetpack_shortlink":"https:\/\/wp.me\/P9K6na-6h","jetpack_likes_enabled":true,"jetpack-related-posts":[{"id":536,"url":"https:\/\/www.biovitalhof.at\/index.php\/dienstleistungen-preise\/","url_meta":{"origin":389,"position":0},"title":"Dienstleistungen &#038; Preise","author":"biovitalhofadmin","date":"November 7, 2019","format":false,"excerpt":"Als zuverl\u00e4ssiger Partner bieten wir auch Dienstleistungen und Seminare f\u00fcr unsere Kunden an. Unsere Dienste richten sich sowohl an Endkunden wie auch an Gewerbetreibende. Cannabis Consulting Wir begleiten Sie bei der individuellen Aufarbeitung betriebswirtschaftlicher Themen im Fachbereich des legalen Hanf \/Cannabis Anbau. Als langj\u00e4hrige Spezialisten k\u00f6nnen wir sehr vielen Themengebiete\u2026","rel":"","context":"\u00c4hnlicher Beitrag","block_context":{"text":"\u00c4hnlicher Beitrag","link":""},"img":{"alt_text":"Ultraschallextraktion Cannabis","src":"https:\/\/i0.wp.com\/www.biovitalhof.at\/wp-content\/uploads\/2019\/10\/Ultraschallextraktor1.jpg?resize=350%2C200&ssl=1","width":350,"height":200,"srcset":"https:\/\/i0.wp.com\/www.biovitalhof.at\/wp-content\/uploads\/2019\/10\/Ultraschallextraktor1.jpg?resize=350%2C200&ssl=1 1x, https:\/\/i0.wp.com\/www.biovitalhof.at\/wp-content\/uploads\/2019\/10\/Ultraschallextraktor1.jpg?resize=525%2C300&ssl=1 1.5x, https:\/\/i0.wp.com\/www.biovitalhof.at\/wp-content\/uploads\/2019\/10\/Ultraschallextraktor1.jpg?resize=700%2C400&ssl=1 2x, https:\/\/i0.wp.com\/www.biovitalhof.at\/wp-content\/uploads\/2019\/10\/Ultraschallextraktor1.jpg?resize=1050%2C600&ssl=1 3x, https:\/\/i0.wp.com\/www.biovitalhof.at\/wp-content\/uploads\/2019\/10\/Ultraschallextraktor1.jpg?resize=1400%2C800&ssl=1 4x"},"classes":[]},{"id":11,"url":"https:\/\/www.biovitalhof.at\/index.php\/about\/","url_meta":{"origin":389,"position":1},"title":"Der BioVitalHof","author":"biovitalhofadmin","date":"M\u00e4rz 6, 2018","format":false,"excerpt":"Autarkie bedeutet nicht Isolation, sondern mehr Selbstbestimmung \u00fcber die Erf\u00fcllung der eigenen k\u00f6rperlichen und mentalen Bed\u00fcrfnisse. Je mehr wir selbst k\u00f6nnen, desto stabiler bleiben wir \u2013 k\u00f6rperlich und mental. Aus pers\u00f6nlicher Leidenschaft, gro\u00dfem Interesse und\u00a0 tiefer \u00dcberzeugung begannen wir bereits vor vielen Jahren, uns mit dem Thema\u00a0 Naturheilkunde und Selbstversorgung\u2026","rel":"","context":"\u00c4hnlicher Beitrag","block_context":{"text":"\u00c4hnlicher Beitrag","link":""},"img":{"alt_text":"Autark und Gesund","src":"https:\/\/i0.wp.com\/www.biovitalhof.at\/wp-content\/uploads\/2026\/04\/Adapt_the_Biovitalhof_poster_design_to_Facebook_co-17767854600701.png?fit=1200%2C670&ssl=1&resize=350%2C200","width":350,"height":200,"srcset":"https:\/\/i0.wp.com\/www.biovitalhof.at\/wp-content\/uploads\/2026\/04\/Adapt_the_Biovitalhof_poster_design_to_Facebook_co-17767854600701.png?fit=1200%2C670&ssl=1&resize=350%2C200 1x, https:\/\/i0.wp.com\/www.biovitalhof.at\/wp-content\/uploads\/2026\/04\/Adapt_the_Biovitalhof_poster_design_to_Facebook_co-17767854600701.png?fit=1200%2C670&ssl=1&resize=525%2C300 1.5x, https:\/\/i0.wp.com\/www.biovitalhof.at\/wp-content\/uploads\/2026\/04\/Adapt_the_Biovitalhof_poster_design_to_Facebook_co-17767854600701.png?fit=1200%2C670&ssl=1&resize=700%2C400 2x, https:\/\/i0.wp.com\/www.biovitalhof.at\/wp-content\/uploads\/2026\/04\/Adapt_the_Biovitalhof_poster_design_to_Facebook_co-17767854600701.png?fit=1200%2C670&ssl=1&resize=1050%2C600 3x"},"classes":[]},{"id":14,"url":"https:\/\/www.biovitalhof.at\/index.php\/a-homepage-section\/","url_meta":{"origin":389,"position":2},"title":"Warum Naturheilkunde?","author":"biovitalhofadmin","date":"M\u00e4rz 6, 2018","format":false,"excerpt":"Nat\u00fcrlich ist ein Arztbesuch immer wichtig! Allerdings, muss man in vielen F\u00e4llen nicht zwingend die chemische Keule einsetzen um K\u00f6rper und Geist wieder in Einklang zu bringen. Schon seit Jahrtausenden ist bekannt wie gut Heilpflanzen unsere Leiden lindern.\u00a0 In der TCM werde Kr\u00e4uter und Pilze nach wie vor als allt\u00e4gliches\u2026","rel":"","context":"\u00c4hnlicher Beitrag","block_context":{"text":"\u00c4hnlicher Beitrag","link":""},"img":{"alt_text":"","src":"","width":0,"height":0},"classes":[]}],"_links":{"self":[{"href":"https:\/\/www.biovitalhof.at\/index.php\/wp-json\/wp\/v2\/pages\/389","targetHints":{"allow":["GET"]}}],"collection":[{"href":"https:\/\/www.biovitalhof.at\/index.php\/wp-json\/wp\/v2\/pages"}],"about":[{"href":"https:\/\/www.biovitalhof.at\/index.php\/wp-json\/wp\/v2\/types\/page"}],"author":[{"embeddable":true,"href":"https:\/\/www.biovitalhof.at\/index.php\/wp-json\/wp\/v2\/users\/1"}],"replies":[{"embeddable":true,"href":"https:\/\/www.biovitalhof.at\/index.php\/wp-json\/wp\/v2\/comments?post=389"}],"version-history":[{"count":5,"href":"https:\/\/www.biovitalhof.at\/index.php\/wp-json\/wp\/v2\/pages\/389\/revisions"}],"predecessor-version":[{"id":688,"href":"https:\/\/www.biovitalhof.at\/index.php\/wp-json\/wp\/v2\/pages\/389\/revisions\/688"}],"wp:attachment":[{"href":"https:\/\/www.biovitalhof.at\/index.php\/wp-json\/wp\/v2\/media?parent=389"}],"curies":[{"name":"wp","href":"https:\/\/api.w.org\/{rel}","templated":true}]}}