{"id":536,"date":"2019-11-07T09:50:20","date_gmt":"2019-11-07T09:50:20","guid":{"rendered":"http:\/\/www.biovitalhof.at\/?page_id=536"},"modified":"2019-11-30T08:35:47","modified_gmt":"2019-11-30T08:35:47","slug":"dienstleistungen-preise","status":"publish","type":"page","link":"https:\/\/www.biovitalhof.at\/index.php\/dienstleistungen-preise\/","title":{"rendered":"Dienstleistungen &#038; Preise"},"content":{"rendered":"\n<p>Als zuverl\u00e4ssiger Partner bieten wir auch Dienstleistungen und Seminare f\u00fcr unsere Kunden an. Unsere Dienste richten sich sowohl an Endkunden wie auch an Gewerbetreibende.  <\/p>\n\n\n\n<h2 class=\"wp-block-heading\"><span style=\"text-decoration: underline;\"><strong>Cannabis Consultin<\/strong><\/span><strong>g<\/strong><\/h2>\n\n\n\n<p>Wir begleiten Sie bei der individuellen Aufarbeitung betriebswirtschaftlicher Themen im Fachbereich des legalen Hanf \/Cannabis Anbau. Als langj\u00e4hrige Spezialisten k\u00f6nnen wir sehr vielen Themengebiete abdecken.<\/p>\n\n\n\n<ul class=\"wp-block-list\"><li>Rechtslage<\/li><li>Qualit\u00e4tsmanagement<\/li><li>Anbaumethoden Indoor \/ Outdoor<\/li><li>Verarbeitung \/ Produktion<\/li><li>Schulungen<\/li><li>Marktsituation<\/li><\/ul>\n\n\n\n<p>Ich biete auch individuelle Beratung f\u00fcr kleine landwirtschaftliche Betriebe die mit Cannabis und anderen Nischenprodukten eine Alternative f\u00fcr nachhaltige, wirtschaftlich stabile und zukunftsorientierte L\u00f6sungen suchen. <\/p>\n\n\n\n<h2 class=\"wp-block-heading\"><strong><span style=\"text-decoration: underline;\">Ultraschallextraktion <\/span><\/strong><\/h2>\n\n\n\n<p>Wir verarbeiten mit hochleistungs Ultraschallgeneratoren Ihre <strong>Kr\u00e4uter und Vitalpilze<\/strong> unter Reinraumbedingungen zu folgenden Produkten. <\/p>\n\n\n\n<ul class=\"wp-block-list\"><li>Wirkstoffl\u00f6sungen auf Wasserbasis<\/li><li>Tinkturen <\/li><li><a href=\"https:\/\/www.biovitalhof.at\/index.php\/product\/cbd-oel-20\/\">\u00d6len<\/a><\/li><li><a href=\"https:\/\/www.biovitalhof.at\/index.php\/product\/cbd-oel-20-nano-emulsion\/\">Nano Emulsionen<\/a><\/li><li>Extrakten <\/li><li>Herstellung von &#8222;cold brewed coffee and tea&#8220;, also kalt gebr\u00fchter Kaffee und Tee <\/li><li>Verarbeitung  und Stabilisierung von Honig. Der Honig bleibt l\u00e4nger fl\u00fcssig und kann  ohne Hitze wieder verfl\u00fcssigt werden.<\/li><\/ul>\n\n\n\n<figure class=\"wp-block-image is-resized\"><img decoding=\"async\" data-attachment-id=\"537\" data-permalink=\"https:\/\/www.biovitalhof.at\/index.php\/dienstleistungen-preise\/ultraschallextraktor1\/\" data-orig-file=\"https:\/\/i0.wp.com\/www.biovitalhof.at\/wp-content\/uploads\/2019\/10\/Ultraschallextraktor1.jpg?fit=2048%2C1536&amp;ssl=1\" data-orig-size=\"2048,1536\" data-comments-opened=\"1\" data-image-meta=\"{&quot;aperture&quot;:&quot;0&quot;,&quot;credit&quot;:&quot;&quot;,&quot;camera&quot;:&quot;&quot;,&quot;caption&quot;:&quot;&quot;,&quot;created_timestamp&quot;:&quot;0&quot;,&quot;copyright&quot;:&quot;&quot;,&quot;focal_length&quot;:&quot;0&quot;,&quot;iso&quot;:&quot;0&quot;,&quot;shutter_speed&quot;:&quot;0&quot;,&quot;title&quot;:&quot;&quot;,&quot;orientation&quot;:&quot;0&quot;}\" data-image-title=\"Ultraschallextraktion Cannabis\" data-image-description=\"&lt;p&gt;Ultraschallextraktion Cannabis&lt;\/p&gt;\n\" data-image-caption=\"&lt;p&gt;Ultraschallextraktion Cannabis&lt;\/p&gt;\n\" data-large-file=\"https:\/\/i0.wp.com\/www.biovitalhof.at\/wp-content\/uploads\/2019\/10\/Ultraschallextraktor1.jpg?fit=525%2C394&amp;ssl=1\" data-src=\"https:\/\/i1.wp.com\/www.biovitalhof.at\/wp-content\/uploads\/2019\/10\/Ultraschallextraktor1.jpg?fit=525%2C394\" alt=\"Ultraschallextraktion Cannabis\" class=\"wp-image-537 lazyload\" width=\"525\" height=\"394\" data-srcset=\"https:\/\/i0.wp.com\/www.biovitalhof.at\/wp-content\/uploads\/2019\/10\/Ultraschallextraktor1.jpg?w=2048&amp;ssl=1 2048w, https:\/\/i0.wp.com\/www.biovitalhof.at\/wp-content\/uploads\/2019\/10\/Ultraschallextraktor1.jpg?resize=300%2C225&amp;ssl=1 300w, https:\/\/i0.wp.com\/www.biovitalhof.at\/wp-content\/uploads\/2019\/10\/Ultraschallextraktor1.jpg?resize=768%2C576&amp;ssl=1 768w, https:\/\/i0.wp.com\/www.biovitalhof.at\/wp-content\/uploads\/2019\/10\/Ultraschallextraktor1.jpg?resize=1024%2C768&amp;ssl=1 1024w, https:\/\/i0.wp.com\/www.biovitalhof.at\/wp-content\/uploads\/2019\/10\/Ultraschallextraktor1.jpg?resize=350%2C263&amp;ssl=1 350w, https:\/\/i0.wp.com\/www.biovitalhof.at\/wp-content\/uploads\/2019\/10\/Ultraschallextraktor1.jpg?w=1575&amp;ssl=1 1575w\" data-sizes=\"(max-width: 525px) 100vw, 525px\" src=\"data:image\/svg+xml;base64,PHN2ZyB3aWR0aD0iMSIgaGVpZ2h0PSIxIiB4bWxucz0iaHR0cDovL3d3dy53My5vcmcvMjAwMC9zdmciPjwvc3ZnPg==\" style=\"--smush-placeholder-width: 525px; --smush-placeholder-aspect-ratio: 525\/394;\" \/><\/figure>\n\n\n\n<figure class=\"wp-block-image\"><img decoding=\"async\" width=\"2048\" height=\"1536\" data-attachment-id=\"701\" data-permalink=\"https:\/\/www.biovitalhof.at\/index.php\/dienstleistungen-preise\/laminarflow1\/\" data-orig-file=\"https:\/\/i0.wp.com\/www.biovitalhof.at\/wp-content\/uploads\/2019\/11\/Laminarflow1.jpg?fit=2048%2C1536&amp;ssl=1\" data-orig-size=\"2048,1536\" data-comments-opened=\"1\" data-image-meta=\"{&quot;aperture&quot;:&quot;0&quot;,&quot;credit&quot;:&quot;&quot;,&quot;camera&quot;:&quot;&quot;,&quot;caption&quot;:&quot;&quot;,&quot;created_timestamp&quot;:&quot;0&quot;,&quot;copyright&quot;:&quot;&quot;,&quot;focal_length&quot;:&quot;0&quot;,&quot;iso&quot;:&quot;0&quot;,&quot;shutter_speed&quot;:&quot;0&quot;,&quot;title&quot;:&quot;&quot;,&quot;orientation&quot;:&quot;0&quot;}\" data-image-title=\"Laminarflow1\" data-image-description=\"\" data-image-caption=\"\" data-large-file=\"https:\/\/i0.wp.com\/www.biovitalhof.at\/wp-content\/uploads\/2019\/11\/Laminarflow1.jpg?fit=525%2C394&amp;ssl=1\" data-src=\"https:\/\/i0.wp.com\/www.biovitalhof.at\/wp-content\/uploads\/2019\/11\/Laminarflow1.jpg?fit=525%2C394\" alt=\"Ultraschallextraktion Cannabis\" class=\"wp-image-701 lazyload\" data-srcset=\"https:\/\/i0.wp.com\/www.biovitalhof.at\/wp-content\/uploads\/2019\/11\/Laminarflow1.jpg?w=2048&amp;ssl=1 2048w, https:\/\/i0.wp.com\/www.biovitalhof.at\/wp-content\/uploads\/2019\/11\/Laminarflow1.jpg?resize=300%2C225&amp;ssl=1 300w, https:\/\/i0.wp.com\/www.biovitalhof.at\/wp-content\/uploads\/2019\/11\/Laminarflow1.jpg?resize=768%2C576&amp;ssl=1 768w, https:\/\/i0.wp.com\/www.biovitalhof.at\/wp-content\/uploads\/2019\/11\/Laminarflow1.jpg?resize=1024%2C768&amp;ssl=1 1024w, https:\/\/i0.wp.com\/www.biovitalhof.at\/wp-content\/uploads\/2019\/11\/Laminarflow1.jpg?resize=250%2C188&amp;ssl=1 250w, https:\/\/i0.wp.com\/www.biovitalhof.at\/wp-content\/uploads\/2019\/11\/Laminarflow1.jpg?resize=350%2C263&amp;ssl=1 350w, https:\/\/i0.wp.com\/www.biovitalhof.at\/wp-content\/uploads\/2019\/11\/Laminarflow1.jpg?w=1575&amp;ssl=1 1575w\" data-sizes=\"(max-width: 767px) 89vw, (max-width: 1000px) 54vw, (max-width: 1071px) 543px, 580px\" src=\"data:image\/svg+xml;base64,PHN2ZyB3aWR0aD0iMSIgaGVpZ2h0PSIxIiB4bWxucz0iaHR0cDovL3d3dy53My5vcmcvMjAwMC9zdmciPjwvc3ZnPg==\" style=\"--smush-placeholder-width: 2048px; --smush-placeholder-aspect-ratio: 2048\/1536;\" \/><\/figure>\n\n\n\n<p>Im Prinzip k\u00f6nnen alle Kr\u00e4uter, Vitalpilze und Imkereiprodukte verarbeitet werden. Hier einige Beispiele: Brennnessel, Salbei, Chili,  Hanf, Cannabis, Propolis, Schafgarbe,  L\u00f6wenzahn, Spitzwegereich, Schmetztelingstrameten, Reishi, Birkenporling etc. etc. <\/p>\n\n\n\n<p>Es l\u00f6sen sich auch Geschmacksstoffe, Aromen und \u00e4therische \u00d6le viel effizienter mit Hilfe der Ultraschallextraktoren.  Dieser Effekt wird z.B.: bei Chili\u00f6len, Hopfenkaltausz\u00fcgen f\u00fcr Bierbrauer, Schnapsbrennen, Aromal\u00f6le, \u00e4therische \u00d6le  verwendet.  <\/p>\n\n\n\n<h2 class=\"wp-block-heading\"><strong><span style=\"text-decoration: underline;\">Seminare: <\/span><\/strong><\/h2>\n\n\n\n<ol class=\"wp-block-list\"><li><span style=\"text-decoration: underline;\"><strong>Bierbrauseminare:<\/strong><\/span> Gerne zeige ich Ihnen, wie Sie auf einfachste Art und Weise Ihr eigenes Bier herstellen.  Entweder bei uns vor Ort oder auch direkt bei Ihnen.  Aus reinem Interesse, f\u00fcr Firmenevents oder auch zu Jubil\u00e4en und Feierlichkeiten k\u00f6nnen wir zusammen Ihr eigenes Bier brauen.  <\/li><li><strong>Hanfseminare:<\/strong> Legaler Hanf, Wirkungen,  Anbau, Verarbeitung &amp; Co. <\/li><li><strong>Einkochen und konservieren von Lebensmitteln<\/strong>: Trocknen, R\u00e4uchern, Einwecken, Einkochen, &#8222;Pressure Canning&#8220; (Herstellung von Vollkonserven) &#8230;<\/li><li>H<strong>erstellung und Extraktion von Kr\u00e4uterdestillaten<\/strong>, Extrakten  und \u00d6len.<\/li><\/ol>\n\n\n\n<p>F\u00fcr <strong>Preisanfragen<\/strong> nehmen Sie bitte jederzeit mit uns <a href=\"https:\/\/www.biovitalhof.at\/index.php\/contact\/\">Kontakt<\/a> auf.<\/p>\n\n\n\n<p>Partner dieser Seite: <\/p>\n\n\n\n<p><a href=\"http:\/\/www.energietechnikdave.at\">www.energietechnikdave.at<\/a><\/p>\n\n\n\n<p><a href=\"http:\/\/www.styriadogs.at  \">www.styriadogs.at  <\/a><\/p>\n","protected":false},"excerpt":{"rendered":"<p>Als zuverl\u00e4ssiger Partner bieten wir auch Dienstleistungen und Seminare f\u00fcr unsere Kunden an. Unsere Dienste richten sich sowohl an Endkunden wie auch an Gewerbetreibende. Cannabis Consulting Wir begleiten Sie bei der individuellen Aufarbeitung betriebswirtschaftlicher Themen im Fachbereich des legalen Hanf \/Cannabis Anbau. Als langj\u00e4hrige Spezialisten k\u00f6nnen wir sehr vielen Themengebiete abdecken. Rechtslage Qualit\u00e4tsmanagement Anbaumethoden Indoor &hellip; <\/p>\n<p class=\"link-more\"><a href=\"https:\/\/www.biovitalhof.at\/index.php\/dienstleistungen-preise\/\" class=\"more-link\"><span class=\"screen-reader-text\">\u201eDienstleistungen &#038; Preise\u201c <\/span>weiterlesen<\/a><\/p>\n","protected":false},"author":1,"featured_media":0,"parent":0,"menu_order":0,"comment_status":"closed","ping_status":"closed","template":"","meta":{"jetpack_post_was_ever_published":false,"footnotes":""},"class_list":["post-536","page","type-page","status-publish","hentry"],"yoast_head":"<!-- This site is optimized with the Yoast SEO plugin v27.5 - https:\/\/yoast.com\/product\/yoast-seo-wordpress\/ -->\n<title>Dienstleistungen &amp; Preise - Der Biovitalhof<\/title>\n<meta name=\"description\" content=\"Wir verarbeiten f\u00fcr Sie Ihre Kr\u00e4uter, Vitalpilze und Industriehanfbl\u00fcten und veranstallten Seminare: Bierbrauen, Hanfseminare, Beratungen etc.\" \/>\n<meta name=\"robots\" content=\"index, follow, max-snippet:-1, max-image-preview:large, max-video-preview:-1\" \/>\n<link rel=\"canonical\" href=\"https:\/\/www.biovitalhof.at\/index.php\/dienstleistungen-preise\/\" \/>\n<meta property=\"og:locale\" content=\"de_DE\" \/>\n<meta property=\"og:type\" content=\"article\" \/>\n<meta property=\"og:title\" content=\"Dienstleistungen &amp; Preise - Der Biovitalhof\" \/>\n<meta property=\"og:description\" content=\"Wir verarbeiten f\u00fcr Sie Ihre Kr\u00e4uter, Vitalpilze und Industriehanfbl\u00fcten und veranstallten Seminare: Bierbrauen, Hanfseminare, Beratungen etc.\" \/>\n<meta property=\"og:url\" content=\"https:\/\/www.biovitalhof.at\/index.php\/dienstleistungen-preise\/\" \/>\n<meta property=\"og:site_name\" content=\"Der Biovitalhof\" \/>\n<meta property=\"article:modified_time\" content=\"2019-11-30T08:35:47+00:00\" \/>\n<meta property=\"og:image\" content=\"https:\/\/i1.wp.com\/www.biovitalhof.at\/wp-content\/uploads\/2019\/10\/Ultraschallextraktor1.jpg?fit=525%2C394\" \/>\n<meta name=\"twitter:card\" content=\"summary_large_image\" \/>\n<meta name=\"twitter:label1\" content=\"Gesch\u00e4tzte Lesezeit\" \/>\n\t<meta name=\"twitter:data1\" content=\"2\u00a0Minuten\" \/>\n<script type=\"application\/ld+json\" class=\"yoast-schema-graph\">{\"@context\":\"https:\\\/\\\/schema.org\",\"@graph\":[{\"@type\":\"WebPage\",\"@id\":\"https:\\\/\\\/www.biovitalhof.at\\\/index.php\\\/dienstleistungen-preise\\\/\",\"url\":\"https:\\\/\\\/www.biovitalhof.at\\\/index.php\\\/dienstleistungen-preise\\\/\",\"name\":\"Dienstleistungen & Preise - Der Biovitalhof\",\"isPartOf\":{\"@id\":\"https:\\\/\\\/www.biovitalhof.at\\\/#website\"},\"primaryImageOfPage\":{\"@id\":\"https:\\\/\\\/www.biovitalhof.at\\\/index.php\\\/dienstleistungen-preise\\\/#primaryimage\"},\"image\":{\"@id\":\"https:\\\/\\\/www.biovitalhof.at\\\/index.php\\\/dienstleistungen-preise\\\/#primaryimage\"},\"thumbnailUrl\":\"https:\\\/\\\/i1.wp.com\\\/www.biovitalhof.at\\\/wp-content\\\/uploads\\\/2019\\\/10\\\/Ultraschallextraktor1.jpg?fit=525%2C394\",\"datePublished\":\"2019-11-07T09:50:20+00:00\",\"dateModified\":\"2019-11-30T08:35:47+00:00\",\"description\":\"Wir verarbeiten f\u00fcr Sie Ihre Kr\u00e4uter, Vitalpilze und Industriehanfbl\u00fcten und veranstallten Seminare: Bierbrauen, Hanfseminare, Beratungen etc.\",\"breadcrumb\":{\"@id\":\"https:\\\/\\\/www.biovitalhof.at\\\/index.php\\\/dienstleistungen-preise\\\/#breadcrumb\"},\"inLanguage\":\"de\",\"potentialAction\":[{\"@type\":\"ReadAction\",\"target\":[\"https:\\\/\\\/www.biovitalhof.at\\\/index.php\\\/dienstleistungen-preise\\\/\"]}]},{\"@type\":\"ImageObject\",\"inLanguage\":\"de\",\"@id\":\"https:\\\/\\\/www.biovitalhof.at\\\/index.php\\\/dienstleistungen-preise\\\/#primaryimage\",\"url\":\"https:\\\/\\\/i1.wp.com\\\/www.biovitalhof.at\\\/wp-content\\\/uploads\\\/2019\\\/10\\\/Ultraschallextraktor1.jpg?fit=525%2C394\",\"contentUrl\":\"https:\\\/\\\/i1.wp.com\\\/www.biovitalhof.at\\\/wp-content\\\/uploads\\\/2019\\\/10\\\/Ultraschallextraktor1.jpg?fit=525%2C394\"},{\"@type\":\"BreadcrumbList\",\"@id\":\"https:\\\/\\\/www.biovitalhof.at\\\/index.php\\\/dienstleistungen-preise\\\/#breadcrumb\",\"itemListElement\":[{\"@type\":\"ListItem\",\"position\":1,\"name\":\"Home\",\"item\":\"https:\\\/\\\/www.biovitalhof.at\\\/\"},{\"@type\":\"ListItem\",\"position\":2,\"name\":\"Dienstleistungen &#038; Preise\"}]},{\"@type\":\"WebSite\",\"@id\":\"https:\\\/\\\/www.biovitalhof.at\\\/#website\",\"url\":\"https:\\\/\\\/www.biovitalhof.at\\\/\",\"name\":\"Der Biovitalhof\",\"description\":\"Autarkie bedeutet nicht Isolation, sondern mehr Selbstbestimmung\",\"publisher\":{\"@id\":\"https:\\\/\\\/www.biovitalhof.at\\\/#organization\"},\"potentialAction\":[{\"@type\":\"SearchAction\",\"target\":{\"@type\":\"EntryPoint\",\"urlTemplate\":\"https:\\\/\\\/www.biovitalhof.at\\\/?s={search_term_string}\"},\"query-input\":{\"@type\":\"PropertyValueSpecification\",\"valueRequired\":true,\"valueName\":\"search_term_string\"}}],\"inLanguage\":\"de\"},{\"@type\":\"Organization\",\"@id\":\"https:\\\/\\\/www.biovitalhof.at\\\/#organization\",\"name\":\"Der Biovitalhof\",\"url\":\"https:\\\/\\\/www.biovitalhof.at\\\/\",\"logo\":{\"@type\":\"ImageObject\",\"inLanguage\":\"de\",\"@id\":\"https:\\\/\\\/www.biovitalhof.at\\\/#\\\/schema\\\/logo\\\/image\\\/\",\"url\":\"https:\\\/\\\/i0.wp.com\\\/www.biovitalhof.at\\\/wp-content\\\/uploads\\\/2026\\\/04\\\/cropped-Round_circular_sticker_design_with_95cm_diameter_-17775406836961.png?fit=250%2C250&ssl=1\",\"contentUrl\":\"https:\\\/\\\/i0.wp.com\\\/www.biovitalhof.at\\\/wp-content\\\/uploads\\\/2026\\\/04\\\/cropped-Round_circular_sticker_design_with_95cm_diameter_-17775406836961.png?fit=250%2C250&ssl=1\",\"width\":250,\"height\":250,\"caption\":\"Der Biovitalhof\"},\"image\":{\"@id\":\"https:\\\/\\\/www.biovitalhof.at\\\/#\\\/schema\\\/logo\\\/image\\\/\"}}]}<\/script>\n<!-- \/ Yoast SEO plugin. -->","yoast_head_json":{"title":"Dienstleistungen & Preise - Der Biovitalhof","description":"Wir verarbeiten f\u00fcr Sie Ihre Kr\u00e4uter, Vitalpilze und Industriehanfbl\u00fcten und veranstallten Seminare: Bierbrauen, Hanfseminare, Beratungen etc.","robots":{"index":"index","follow":"follow","max-snippet":"max-snippet:-1","max-image-preview":"max-image-preview:large","max-video-preview":"max-video-preview:-1"},"canonical":"https:\/\/www.biovitalhof.at\/index.php\/dienstleistungen-preise\/","og_locale":"de_DE","og_type":"article","og_title":"Dienstleistungen & Preise - Der Biovitalhof","og_description":"Wir verarbeiten f\u00fcr Sie Ihre Kr\u00e4uter, Vitalpilze und Industriehanfbl\u00fcten und veranstallten Seminare: Bierbrauen, Hanfseminare, Beratungen etc.","og_url":"https:\/\/www.biovitalhof.at\/index.php\/dienstleistungen-preise\/","og_site_name":"Der Biovitalhof","article_modified_time":"2019-11-30T08:35:47+00:00","og_image":[{"url":"https:\/\/i1.wp.com\/www.biovitalhof.at\/wp-content\/uploads\/2019\/10\/Ultraschallextraktor1.jpg?fit=525%2C394","type":"","width":"","height":""}],"twitter_card":"summary_large_image","twitter_misc":{"Gesch\u00e4tzte Lesezeit":"2\u00a0Minuten"},"schema":{"@context":"https:\/\/schema.org","@graph":[{"@type":"WebPage","@id":"https:\/\/www.biovitalhof.at\/index.php\/dienstleistungen-preise\/","url":"https:\/\/www.biovitalhof.at\/index.php\/dienstleistungen-preise\/","name":"Dienstleistungen & Preise - Der Biovitalhof","isPartOf":{"@id":"https:\/\/www.biovitalhof.at\/#website"},"primaryImageOfPage":{"@id":"https:\/\/www.biovitalhof.at\/index.php\/dienstleistungen-preise\/#primaryimage"},"image":{"@id":"https:\/\/www.biovitalhof.at\/index.php\/dienstleistungen-preise\/#primaryimage"},"thumbnailUrl":"https:\/\/i1.wp.com\/www.biovitalhof.at\/wp-content\/uploads\/2019\/10\/Ultraschallextraktor1.jpg?fit=525%2C394","datePublished":"2019-11-07T09:50:20+00:00","dateModified":"2019-11-30T08:35:47+00:00","description":"Wir verarbeiten f\u00fcr Sie Ihre Kr\u00e4uter, Vitalpilze und Industriehanfbl\u00fcten und veranstallten Seminare: Bierbrauen, Hanfseminare, Beratungen etc.","breadcrumb":{"@id":"https:\/\/www.biovitalhof.at\/index.php\/dienstleistungen-preise\/#breadcrumb"},"inLanguage":"de","potentialAction":[{"@type":"ReadAction","target":["https:\/\/www.biovitalhof.at\/index.php\/dienstleistungen-preise\/"]}]},{"@type":"ImageObject","inLanguage":"de","@id":"https:\/\/www.biovitalhof.at\/index.php\/dienstleistungen-preise\/#primaryimage","url":"https:\/\/i1.wp.com\/www.biovitalhof.at\/wp-content\/uploads\/2019\/10\/Ultraschallextraktor1.jpg?fit=525%2C394","contentUrl":"https:\/\/i1.wp.com\/www.biovitalhof.at\/wp-content\/uploads\/2019\/10\/Ultraschallextraktor1.jpg?fit=525%2C394"},{"@type":"BreadcrumbList","@id":"https:\/\/www.biovitalhof.at\/index.php\/dienstleistungen-preise\/#breadcrumb","itemListElement":[{"@type":"ListItem","position":1,"name":"Home","item":"https:\/\/www.biovitalhof.at\/"},{"@type":"ListItem","position":2,"name":"Dienstleistungen &#038; Preise"}]},{"@type":"WebSite","@id":"https:\/\/www.biovitalhof.at\/#website","url":"https:\/\/www.biovitalhof.at\/","name":"Der Biovitalhof","description":"Autarkie bedeutet nicht Isolation, sondern mehr Selbstbestimmung","publisher":{"@id":"https:\/\/www.biovitalhof.at\/#organization"},"potentialAction":[{"@type":"SearchAction","target":{"@type":"EntryPoint","urlTemplate":"https:\/\/www.biovitalhof.at\/?s={search_term_string}"},"query-input":{"@type":"PropertyValueSpecification","valueRequired":true,"valueName":"search_term_string"}}],"inLanguage":"de"},{"@type":"Organization","@id":"https:\/\/www.biovitalhof.at\/#organization","name":"Der Biovitalhof","url":"https:\/\/www.biovitalhof.at\/","logo":{"@type":"ImageObject","inLanguage":"de","@id":"https:\/\/www.biovitalhof.at\/#\/schema\/logo\/image\/","url":"https:\/\/i0.wp.com\/www.biovitalhof.at\/wp-content\/uploads\/2026\/04\/cropped-Round_circular_sticker_design_with_95cm_diameter_-17775406836961.png?fit=250%2C250&ssl=1","contentUrl":"https:\/\/i0.wp.com\/www.biovitalhof.at\/wp-content\/uploads\/2026\/04\/cropped-Round_circular_sticker_design_with_95cm_diameter_-17775406836961.png?fit=250%2C250&ssl=1","width":250,"height":250,"caption":"Der Biovitalhof"},"image":{"@id":"https:\/\/www.biovitalhof.at\/#\/schema\/logo\/image\/"}}]}},"jetpack_sharing_enabled":true,"jetpack_shortlink":"https:\/\/wp.me\/P9K6na-8E","jetpack_likes_enabled":true,"jetpack-related-posts":[{"id":389,"url":"https:\/\/www.biovitalhof.at\/index.php\/terms\/","url_meta":{"origin":536,"position":0},"title":"AGB &#038; Haftungsausschluss","author":"biovitalhofadmin","date":"Februar 6, 2019","format":false,"excerpt":"1. Geltungsbereich F\u00fcr alle Bestellungen \u00fcber unseren Online-Shop durch Verbraucher und Unternehmer gelten die nachfolgenden AGB. Verbraucher ist jede nat\u00fcrliche Person, die ein Rechtsgesch\u00e4ft zu Zwecken abschlie\u00dft, die \u00fcberwiegend weder ihrer gewerblichen noch ihrer selbst\u00e4ndigen beruflichen T\u00e4tigkeit zugerechnet werden k\u00f6nnen. Unternehmer ist eine nat\u00fcrliche oder juristische Person oder eine rechtsf\u00e4hige\u2026","rel":"","context":"\u00c4hnlicher Beitrag","block_context":{"text":"\u00c4hnlicher Beitrag","link":""},"img":{"alt_text":"","src":"","width":0,"height":0},"classes":[]},{"id":11,"url":"https:\/\/www.biovitalhof.at\/index.php\/about\/","url_meta":{"origin":536,"position":1},"title":"Der BioVitalHof","author":"biovitalhofadmin","date":"M\u00e4rz 6, 2018","format":false,"excerpt":"Autarkie bedeutet nicht Isolation, sondern mehr Selbstbestimmung \u00fcber die Erf\u00fcllung der eigenen k\u00f6rperlichen und mentalen Bed\u00fcrfnisse. Je mehr wir selbst k\u00f6nnen, desto stabiler bleiben wir \u2013 k\u00f6rperlich und mental. Aus pers\u00f6nlicher Leidenschaft, gro\u00dfem Interesse und\u00a0 tiefer \u00dcberzeugung begannen wir bereits vor vielen Jahren, uns mit dem Thema\u00a0 Naturheilkunde und Selbstversorgung\u2026","rel":"","context":"\u00c4hnlicher Beitrag","block_context":{"text":"\u00c4hnlicher Beitrag","link":""},"img":{"alt_text":"Autark und Gesund","src":"https:\/\/i0.wp.com\/www.biovitalhof.at\/wp-content\/uploads\/2026\/04\/Adapt_the_Biovitalhof_poster_design_to_Facebook_co-17767854600701.png?fit=1200%2C670&ssl=1&resize=350%2C200","width":350,"height":200,"srcset":"https:\/\/i0.wp.com\/www.biovitalhof.at\/wp-content\/uploads\/2026\/04\/Adapt_the_Biovitalhof_poster_design_to_Facebook_co-17767854600701.png?fit=1200%2C670&ssl=1&resize=350%2C200 1x, https:\/\/i0.wp.com\/www.biovitalhof.at\/wp-content\/uploads\/2026\/04\/Adapt_the_Biovitalhof_poster_design_to_Facebook_co-17767854600701.png?fit=1200%2C670&ssl=1&resize=525%2C300 1.5x, https:\/\/i0.wp.com\/www.biovitalhof.at\/wp-content\/uploads\/2026\/04\/Adapt_the_Biovitalhof_poster_design_to_Facebook_co-17767854600701.png?fit=1200%2C670&ssl=1&resize=700%2C400 2x, https:\/\/i0.wp.com\/www.biovitalhof.at\/wp-content\/uploads\/2026\/04\/Adapt_the_Biovitalhof_poster_design_to_Facebook_co-17767854600701.png?fit=1200%2C670&ssl=1&resize=1050%2C600 3x"},"classes":[]},{"id":12,"url":"https:\/\/www.biovitalhof.at\/index.php\/contact\/","url_meta":{"origin":536,"position":2},"title":"Kontakt","author":"biovitalhofadmin","date":"M\u00e4rz 6, 2018","format":false,"excerpt":"Gerne sind wir mit Rat & Tat f\u00fcr Sie da! Speziell auch zum Thema CBD \u00d6l. Bitte senden Sie uns eine Email mit Ihrer Frage. Emailadresse:\u00a0 info@biovitalhof.at Oder rufen Sie mich an, unter Mobil: +4369917714876 Vielen Dank! David Velikonja Graschuh 48 8510 Stainz Vielen dank auch an unsere Partnerfirmen: www.energietechnikdave.at\u2026","rel":"","context":"\u00c4hnlicher Beitrag","block_context":{"text":"\u00c4hnlicher Beitrag","link":""},"img":{"alt_text":"","src":"","width":0,"height":0},"classes":[]}],"_links":{"self":[{"href":"https:\/\/www.biovitalhof.at\/index.php\/wp-json\/wp\/v2\/pages\/536","targetHints":{"allow":["GET"]}}],"collection":[{"href":"https:\/\/www.biovitalhof.at\/index.php\/wp-json\/wp\/v2\/pages"}],"about":[{"href":"https:\/\/www.biovitalhof.at\/index.php\/wp-json\/wp\/v2\/types\/page"}],"author":[{"embeddable":true,"href":"https:\/\/www.biovitalhof.at\/index.php\/wp-json\/wp\/v2\/users\/1"}],"replies":[{"embeddable":true,"href":"https:\/\/www.biovitalhof.at\/index.php\/wp-json\/wp\/v2\/comments?post=536"}],"version-history":[{"count":8,"href":"https:\/\/www.biovitalhof.at\/index.php\/wp-json\/wp\/v2\/pages\/536\/revisions"}],"predecessor-version":[{"id":709,"href":"https:\/\/www.biovitalhof.at\/index.php\/wp-json\/wp\/v2\/pages\/536\/revisions\/709"}],"wp:attachment":[{"href":"https:\/\/www.biovitalhof.at\/index.php\/wp-json\/wp\/v2\/media?parent=536"}],"curies":[{"name":"wp","href":"https:\/\/api.w.org\/{rel}","templated":true}]}}