{"id":352,"date":"2018-12-18T16:25:06","date_gmt":"2018-12-18T16:25:06","guid":{"rendered":"http:\/\/www.biovitalhof.at\/?post_type=product&#038;p=352"},"modified":"2018-12-18T16:25:06","modified_gmt":"2018-12-18T16:25:06","slug":"chilisamen-trinidad-scorpion-moruga-gelb","status":"publish","type":"product","link":"https:\/\/www.biovitalhof.at\/index.php\/product\/chilisamen-trinidad-scorpion-moruga-gelb\/","title":{"rendered":"Chilisamen Trinidad Scorpion Moruga Gelb"},"content":{"rendered":"<p>Eine der sch\u00e4rfsten Chilisorten aus steirischem Anbau!<\/p>\n<p>Die Trinidad Scorpion Moruga wurde 2012 zum weltsch\u00e4rfsten Chili gekr\u00f6nt. Seine\u00a0 durchschnittliche Sch\u00e4rfe von 1.207.764 Mio. Scoville-Einheiten, l\u00e4sst das Herz jedes Chililiebhabers h\u00f6her schlagen. Mit dem Spitzenwert von 2 Mio. SHU spielt er immer noch in der Liga, der sch\u00e4rfsten Chilisorten der Welt.<\/p>\n<p>Er zeichnet sich vor allem durch sein au\u00dfergew\u00f6hnliches, fruchtiges Aroma und die seltene Farbe Gelb aus.<\/p>\n<p>Wer wissen will, was 1,2 Mio. SHU bewirken, kann sich dieses Video ansehen:<\/p>\n<p><span class=\"embed-youtube\" style=\"text-align:center; display: block;\"><iframe class=\"youtube-player\" width=\"525\" height=\"296\" src=\"https:\/\/www.youtube.com\/embed\/qaHmpwbsYis?version=3&#038;rel=1&#038;showsearch=0&#038;showinfo=1&#038;iv_load_policy=1&#038;fs=1&#038;hl=de-DE&#038;autohide=2&#038;start=502&#038;wmode=transparent\" allowfullscreen=\"true\" style=\"border:0;\" sandbox=\"allow-scripts allow-same-origin allow-popups allow-presentation allow-popups-to-escape-sandbox\"><\/iframe><\/span><\/p>\n<p>Wer wissen will, wieso Chilis gesund f\u00fcr uns sind, hier der Link zum Bericht:<\/p>\n<blockquote class=\"wp-embedded-content\" data-secret=\"nk347crYHF\"><p><a href=\"https:\/\/www.biovitalhof.at\/index.php\/2018\/08\/29\/chilli-warum-scharfe-gesund-machen-kann\/\">Chilli! Warum Sch\u00e4rfe gesund machen kann.<\/a><\/p><\/blockquote>\n<p><iframe class=\"wp-embedded-content\" sandbox=\"allow-scripts\" security=\"restricted\" style=\"position: absolute; clip: rect(1px, 1px, 1px, 1px);\" src=\"https:\/\/www.biovitalhof.at\/index.php\/2018\/08\/29\/chilli-warum-scharfe-gesund-machen-kann\/embed\/#?secret=nk347crYHF\" data-secret=\"nk347crYHF\" width=\"525\" height=\"296\" title=\"&#8220;Chilli! Warum Sch\u00e4rfe gesund machen kann.&#8221; &#8212; Der Biovitalhof\" frameborder=\"0\" marginwidth=\"0\" marginheight=\"0\" scrolling=\"no\"><\/iframe><\/p>\n","protected":false},"excerpt":{"rendered":"<p>Eine der sch\u00e4rfsten Chilisorten aus steirischem Anbau! Die Trinidad Scorpion Moruga wurde 2012 zum weltsch\u00e4rfsten Chili gekr\u00f6nt. Seine\u00a0 durchschnittliche Sch\u00e4rfe von 1.207.764 Mio. Scoville-Einheiten, l\u00e4sst das Herz jedes Chililiebhabers h\u00f6her schlagen. Mit dem Spitzenwert von 2 Mio. SHU spielt er immer noch in der Liga, der sch\u00e4rfsten Chilisorten der Welt. Er zeichnet sich vor allem &hellip; <\/p>\n<p class=\"link-more\"><a href=\"https:\/\/www.biovitalhof.at\/index.php\/product\/chilisamen-trinidad-scorpion-moruga-gelb\/\" class=\"more-link\"><span class=\"screen-reader-text\">\u201eChilisamen Trinidad Scorpion Moruga Gelb\u201c<\/span> weiterlesen<\/a><\/p>\n","protected":false},"featured_media":353,"comment_status":"open","ping_status":"closed","template":"","meta":{"jetpack_post_was_ever_published":false,"jetpack_publicize_message":"","jetpack_publicize_feature_enabled":true,"jetpack_social_post_already_shared":true,"jetpack_social_options":{"image_generator_settings":{"template":"highway","enabled":false}}},"product_cat":[97],"product_tag":[315,307,310,214,312,276,100,311,309,313,314,308],"jetpack_publicize_connections":[],"yoast_head":"<!-- This site is optimized with the Yoast SEO plugin v21.9.1 - https:\/\/yoast.com\/wordpress\/plugins\/seo\/ -->\n<title>Chilisamen Trinidad Scorpion Moruga Gelb - Der Biovitalhof<\/title>\n<meta name=\"robots\" content=\"index, follow, max-snippet:-1, max-image-preview:large, max-video-preview:-1\" \/>\n<link rel=\"canonical\" href=\"https:\/\/www.biovitalhof.at\/index.php\/product\/chilisamen-trinidad-scorpion-moruga-gelb\/\" \/>\n<meta property=\"og:locale\" content=\"de_DE\" \/>\n<meta property=\"og:type\" content=\"article\" \/>\n<meta property=\"og:title\" content=\"Chilisamen Trinidad Scorpion Moruga Gelb - Der Biovitalhof\" \/>\n<meta property=\"og:description\" content=\"Eine der sch\u00e4rfsten Chilisorten aus steirischem Anbau! Die Trinidad Scorpion Moruga wurde 2012 zum weltsch\u00e4rfsten Chili gekr\u00f6nt. Seine\u00a0 durchschnittliche Sch\u00e4rfe von 1.207.764 Mio. Scoville-Einheiten, l\u00e4sst das Herz jedes Chililiebhabers h\u00f6her schlagen. Mit dem Spitzenwert von 2 Mio. SHU spielt er immer noch in der Liga, der sch\u00e4rfsten Chilisorten der Welt. Er zeichnet sich vor allem &hellip; \u201eChilisamen Trinidad Scorpion Moruga Gelb\u201c weiterlesen\" \/>\n<meta property=\"og:url\" content=\"https:\/\/www.biovitalhof.at\/index.php\/product\/chilisamen-trinidad-scorpion-moruga-gelb\/\" \/>\n<meta property=\"og:site_name\" content=\"Der Biovitalhof\" \/>\n<meta property=\"og:image\" content=\"https:\/\/i0.wp.com\/www.biovitalhof.at\/wp-content\/uploads\/2018\/12\/Produktfoto001.jpg?fit=2048%2C1365&ssl=1\" \/>\n\t<meta property=\"og:image:width\" content=\"2048\" \/>\n\t<meta property=\"og:image:height\" content=\"1365\" \/>\n\t<meta property=\"og:image:type\" content=\"image\/jpeg\" \/>\n<meta name=\"twitter:card\" content=\"summary_large_image\" \/>\n<meta name=\"twitter:label1\" content=\"Gesch\u00e4tzte Lesezeit\" \/>\n\t<meta name=\"twitter:data1\" content=\"1\u00a0Minute\" \/>\n<script type=\"application\/ld+json\" class=\"yoast-schema-graph\">{\"@context\":\"https:\/\/schema.org\",\"@graph\":[{\"@type\":\"WebPage\",\"@id\":\"https:\/\/www.biovitalhof.at\/index.php\/product\/chilisamen-trinidad-scorpion-moruga-gelb\/\",\"url\":\"https:\/\/www.biovitalhof.at\/index.php\/product\/chilisamen-trinidad-scorpion-moruga-gelb\/\",\"name\":\"Chilisamen Trinidad Scorpion Moruga Gelb - Der Biovitalhof\",\"isPartOf\":{\"@id\":\"https:\/\/www.biovitalhof.at\/#website\"},\"datePublished\":\"2018-12-18T16:25:06+00:00\",\"dateModified\":\"2018-12-18T16:25:06+00:00\",\"breadcrumb\":{\"@id\":\"https:\/\/www.biovitalhof.at\/index.php\/product\/chilisamen-trinidad-scorpion-moruga-gelb\/#breadcrumb\"},\"inLanguage\":\"de\",\"potentialAction\":[{\"@type\":\"ReadAction\",\"target\":[\"https:\/\/www.biovitalhof.at\/index.php\/product\/chilisamen-trinidad-scorpion-moruga-gelb\/\"]}]},{\"@type\":\"BreadcrumbList\",\"@id\":\"https:\/\/www.biovitalhof.at\/index.php\/product\/chilisamen-trinidad-scorpion-moruga-gelb\/#breadcrumb\",\"itemListElement\":[{\"@type\":\"ListItem\",\"position\":1,\"name\":\"Home\",\"item\":\"https:\/\/www.biovitalhof.at\/\"},{\"@type\":\"ListItem\",\"position\":2,\"name\":\"Shop\",\"item\":\"https:\/\/www.biovitalhof.at\/index.php\/shop\/\"},{\"@type\":\"ListItem\",\"position\":3,\"name\":\"Chilisamen Trinidad Scorpion Moruga Gelb\"}]},{\"@type\":\"WebSite\",\"@id\":\"https:\/\/www.biovitalhof.at\/#website\",\"url\":\"https:\/\/www.biovitalhof.at\/\",\"name\":\"Der Biovitalhof\",\"description\":\"CBD \u00d6l &amp; Kr\u00e4uter &amp; Vitalpilze direkt vom Bauernhof\",\"publisher\":{\"@id\":\"https:\/\/www.biovitalhof.at\/#organization\"},\"potentialAction\":[{\"@type\":\"SearchAction\",\"target\":{\"@type\":\"EntryPoint\",\"urlTemplate\":\"https:\/\/www.biovitalhof.at\/?s={search_term_string}\"},\"query-input\":\"required name=search_term_string\"}],\"inLanguage\":\"de\"},{\"@type\":\"Organization\",\"@id\":\"https:\/\/www.biovitalhof.at\/#organization\",\"name\":\"Der Biovitalhof\",\"url\":\"https:\/\/www.biovitalhof.at\/\",\"logo\":{\"@type\":\"ImageObject\",\"inLanguage\":\"de\",\"@id\":\"https:\/\/www.biovitalhof.at\/#\/schema\/logo\/image\/\",\"url\":\"https:\/\/i0.wp.com\/www.biovitalhof.at\/wp-content\/uploads\/2019\/11\/cropped-Logogoogle.png?fit=250%2C250&ssl=1\",\"contentUrl\":\"https:\/\/i0.wp.com\/www.biovitalhof.at\/wp-content\/uploads\/2019\/11\/cropped-Logogoogle.png?fit=250%2C250&ssl=1\",\"width\":250,\"height\":250,\"caption\":\"Der Biovitalhof\"},\"image\":{\"@id\":\"https:\/\/www.biovitalhof.at\/#\/schema\/logo\/image\/\"}}]}<\/script>\n<!-- \/ Yoast SEO plugin. -->","yoast_head_json":{"title":"Chilisamen Trinidad Scorpion Moruga Gelb - Der Biovitalhof","robots":{"index":"index","follow":"follow","max-snippet":"max-snippet:-1","max-image-preview":"max-image-preview:large","max-video-preview":"max-video-preview:-1"},"canonical":"https:\/\/www.biovitalhof.at\/index.php\/product\/chilisamen-trinidad-scorpion-moruga-gelb\/","og_locale":"de_DE","og_type":"article","og_title":"Chilisamen Trinidad Scorpion Moruga Gelb - Der Biovitalhof","og_description":"Eine der sch\u00e4rfsten Chilisorten aus steirischem Anbau! Die Trinidad Scorpion Moruga wurde 2012 zum weltsch\u00e4rfsten Chili gekr\u00f6nt. Seine\u00a0 durchschnittliche Sch\u00e4rfe von 1.207.764 Mio. Scoville-Einheiten, l\u00e4sst das Herz jedes Chililiebhabers h\u00f6her schlagen. Mit dem Spitzenwert von 2 Mio. SHU spielt er immer noch in der Liga, der sch\u00e4rfsten Chilisorten der Welt. Er zeichnet sich vor allem &hellip; \u201eChilisamen Trinidad Scorpion Moruga Gelb\u201c weiterlesen","og_url":"https:\/\/www.biovitalhof.at\/index.php\/product\/chilisamen-trinidad-scorpion-moruga-gelb\/","og_site_name":"Der Biovitalhof","og_image":[{"width":2048,"height":1365,"url":"https:\/\/i0.wp.com\/www.biovitalhof.at\/wp-content\/uploads\/2018\/12\/Produktfoto001.jpg?fit=2048%2C1365&ssl=1","type":"image\/jpeg"}],"twitter_card":"summary_large_image","twitter_misc":{"Gesch\u00e4tzte Lesezeit":"1\u00a0Minute"},"schema":{"@context":"https:\/\/schema.org","@graph":[{"@type":"WebPage","@id":"https:\/\/www.biovitalhof.at\/index.php\/product\/chilisamen-trinidad-scorpion-moruga-gelb\/","url":"https:\/\/www.biovitalhof.at\/index.php\/product\/chilisamen-trinidad-scorpion-moruga-gelb\/","name":"Chilisamen Trinidad Scorpion Moruga Gelb - Der Biovitalhof","isPartOf":{"@id":"https:\/\/www.biovitalhof.at\/#website"},"datePublished":"2018-12-18T16:25:06+00:00","dateModified":"2018-12-18T16:25:06+00:00","breadcrumb":{"@id":"https:\/\/www.biovitalhof.at\/index.php\/product\/chilisamen-trinidad-scorpion-moruga-gelb\/#breadcrumb"},"inLanguage":"de","potentialAction":[{"@type":"ReadAction","target":["https:\/\/www.biovitalhof.at\/index.php\/product\/chilisamen-trinidad-scorpion-moruga-gelb\/"]}]},{"@type":"BreadcrumbList","@id":"https:\/\/www.biovitalhof.at\/index.php\/product\/chilisamen-trinidad-scorpion-moruga-gelb\/#breadcrumb","itemListElement":[{"@type":"ListItem","position":1,"name":"Home","item":"https:\/\/www.biovitalhof.at\/"},{"@type":"ListItem","position":2,"name":"Shop","item":"https:\/\/www.biovitalhof.at\/index.php\/shop\/"},{"@type":"ListItem","position":3,"name":"Chilisamen Trinidad Scorpion Moruga Gelb"}]},{"@type":"WebSite","@id":"https:\/\/www.biovitalhof.at\/#website","url":"https:\/\/www.biovitalhof.at\/","name":"Der Biovitalhof","description":"CBD \u00d6l &amp; Kr\u00e4uter &amp; Vitalpilze direkt vom Bauernhof","publisher":{"@id":"https:\/\/www.biovitalhof.at\/#organization"},"potentialAction":[{"@type":"SearchAction","target":{"@type":"EntryPoint","urlTemplate":"https:\/\/www.biovitalhof.at\/?s={search_term_string}"},"query-input":"required name=search_term_string"}],"inLanguage":"de"},{"@type":"Organization","@id":"https:\/\/www.biovitalhof.at\/#organization","name":"Der Biovitalhof","url":"https:\/\/www.biovitalhof.at\/","logo":{"@type":"ImageObject","inLanguage":"de","@id":"https:\/\/www.biovitalhof.at\/#\/schema\/logo\/image\/","url":"https:\/\/i0.wp.com\/www.biovitalhof.at\/wp-content\/uploads\/2019\/11\/cropped-Logogoogle.png?fit=250%2C250&ssl=1","contentUrl":"https:\/\/i0.wp.com\/www.biovitalhof.at\/wp-content\/uploads\/2019\/11\/cropped-Logogoogle.png?fit=250%2C250&ssl=1","width":250,"height":250,"caption":"Der Biovitalhof"},"image":{"@id":"https:\/\/www.biovitalhof.at\/#\/schema\/logo\/image\/"}}]}},"jetpack_sharing_enabled":true,"jetpack_likes_enabled":true,"jetpack-related-posts":[{"id":671,"url":"https:\/\/www.biovitalhof.at\/index.php\/product\/topinambur-1kg\/","url_meta":{"origin":352,"position":0},"title":"Topinambur 1kg","author":"biovitalhofadmin","date":"November 20, 2019","format":false,"excerpt":"In den letzten Jahren hat die Knollenfrucht Topinambur eine Renaissance erlebt und mit ihrem nussigen Geschmack die K\u00fcchen erobert. Der Geschmack der Topinamburknolle ist leicht nussig bis s\u00fc\u00dflich und erinnert an Artischocken und Maroni. Topinambur kann auch roh gegessen werden. Auch die Schale ist zum Verzehr geeignet. Wir verwenden garantiert\u2026","rel":"","context":"\u00c4hnlicher Beitrag","block_context":{"text":"\u00c4hnlicher Beitrag","link":""},"img":{"alt_text":"","src":"https:\/\/i0.wp.com\/www.biovitalhof.at\/wp-content\/uploads\/2019\/11\/jerusalem-artichoke-2192048_1920.jpg?fit=1200%2C900&ssl=1&resize=350%2C200","width":350,"height":200,"srcset":"https:\/\/i0.wp.com\/www.biovitalhof.at\/wp-content\/uploads\/2019\/11\/jerusalem-artichoke-2192048_1920.jpg?fit=1200%2C900&ssl=1&resize=350%2C200 1x, https:\/\/i0.wp.com\/www.biovitalhof.at\/wp-content\/uploads\/2019\/11\/jerusalem-artichoke-2192048_1920.jpg?fit=1200%2C900&ssl=1&resize=525%2C300 1.5x, https:\/\/i0.wp.com\/www.biovitalhof.at\/wp-content\/uploads\/2019\/11\/jerusalem-artichoke-2192048_1920.jpg?fit=1200%2C900&ssl=1&resize=700%2C400 2x, https:\/\/i0.wp.com\/www.biovitalhof.at\/wp-content\/uploads\/2019\/11\/jerusalem-artichoke-2192048_1920.jpg?fit=1200%2C900&ssl=1&resize=1050%2C600 3x"},"classes":[]},{"id":658,"url":"https:\/\/www.biovitalhof.at\/index.php\/product\/cbd-mandeloel-nanoemulsion\/","url_meta":{"origin":352,"position":1},"title":"CBD Mandel\u00f6l Nanoemulsion","author":"biovitalhofadmin","date":"November 20, 2019","format":false,"excerpt":"Es ist bekannt das Cannabinoide starke Antioxidantien sind! Jetzt weisen auch ersten Studien nach, dass CBD viele starke Anti-Aging-Effekte bietet. Durch Cannabidiol langanhaltend frische Haut\u00a0 Cannabidiole sind nicht nur ein Antioxidans, es sind sogar eines der st\u00e4rksten, die uns derzeit bekannt sind. Umwelteinfl\u00fcsse und fschlechte Ern\u00e4hrung sorgen daf\u00fcr, dass freie\u2026","rel":"","context":"\u00c4hnlicher Beitrag","block_context":{"text":"\u00c4hnlicher Beitrag","link":""},"img":{"alt_text":"","src":"https:\/\/i0.wp.com\/www.biovitalhof.at\/wp-content\/uploads\/2019\/11\/CBDMandel\u00f6l.png?fit=413%2C669&ssl=1&resize=350%2C200","width":350,"height":200},"classes":[]}],"_links":{"self":[{"href":"https:\/\/www.biovitalhof.at\/index.php\/wp-json\/wp\/v2\/product\/352"}],"collection":[{"href":"https:\/\/www.biovitalhof.at\/index.php\/wp-json\/wp\/v2\/product"}],"about":[{"href":"https:\/\/www.biovitalhof.at\/index.php\/wp-json\/wp\/v2\/types\/product"}],"replies":[{"embeddable":true,"href":"https:\/\/www.biovitalhof.at\/index.php\/wp-json\/wp\/v2\/comments?post=352"}],"wp:featuredmedia":[{"embeddable":true,"href":"https:\/\/www.biovitalhof.at\/index.php\/wp-json\/wp\/v2\/media\/353"}],"wp:attachment":[{"href":"https:\/\/www.biovitalhof.at\/index.php\/wp-json\/wp\/v2\/media?parent=352"}],"wp:term":[{"taxonomy":"product_cat","embeddable":true,"href":"https:\/\/www.biovitalhof.at\/index.php\/wp-json\/wp\/v2\/product_cat?post=352"},{"taxonomy":"product_tag","embeddable":true,"href":"https:\/\/www.biovitalhof.at\/index.php\/wp-json\/wp\/v2\/product_tag?post=352"}],"curies":[{"name":"wp","href":"https:\/\/api.w.org\/{rel}","templated":true}]}}